{"id":8965,"date":"2021-02-18T11:20:02","date_gmt":"2021-02-18T10:20:02","guid":{"rendered":"http:\/\/blogs.univ-jfc.fr\/vphn\/?page_id=8965"},"modified":"2021-02-18T11:20:02","modified_gmt":"2021-02-18T10:20:02","slug":"bibliographie-sur-la-basilique-saint-sernin","status":"publish","type":"page","link":"https:\/\/blogs.univ-jfc.fr\/vphn\/bibliographie-sur-la-basilique-saint-sernin\/","title":{"rendered":"Bibliographie sur la basilique Saint-Sernin"},"content":{"rendered":"\n<p>Association Du Neuvi\u00e8me Centenaire De Saint-Sernin Toulouse, <em>Saint-Sernin De Toulouse IXe Centenaire, <\/em>Association Du Neuvi\u00e8me Centenaire, Toulouse, 1996.<\/p>\n\n\n\n<p>Daniel Cazes, Michel Escourbiac, <em>Saint-Sernin de Toulouse &#8211; De Saturnin au chef-d&rsquo;oeuvre de l&rsquo;art roman<\/em>, Odyssee, 2008.<\/p>\n\n\n\n<p>Durliat Marcel, <em>Les Donn\u00e9es Historiques Relatives \u00e0 La Construction De Saint-Sernin De Toulouse<\/em>, [S.n], Barcelone, 1965.<\/p>\n\n\n\n<p>Fr\u00e9d\u00e9rique Fantuzzo, Catherine Saint-Martin, <em>La Confr\u00e9rie des Corps Saints de Saint-Sernin de Toulouse au XV<\/em><sup><em>e<\/em><\/sup>, Annales du Midi, Toulouse, 1999. pp 155-167<\/p>\n\n\n\n<p>Pradalier Henri, <em>Saint-Sernin De Toulouse Au Moyen \u00c2ge, <\/em>Soci\u00e9t\u00e9 Fran\u00e7aise D&rsquo;arch\u00e9ologie, Paris, 2002.<\/p>\n\n\n\n<p>Rocacher Jean, <em>Saint Sernin de Toulouse :basilique romane<\/em>, Privat, Toulouse, 1993.<\/p>\n\n\n\n<p>Rocacher Jean, Mos\u00e9 Biagio Molite, <em>Saint-Sernin De Toulouse Basilique Romane<\/em>, Privat, Toulouse, 1993.<\/p>\n\n\n\n<p>Saint-Martin Catherine, <em>Le chapitre abbatial de Saint-Sernin de Toulouse au Moyen \u00c2ge, <\/em><em>Annales du Midi <\/em><em>: <\/em><em>revue arch\u00e9ologique, historique et philologique de la France m\u00e9ridionale<\/em>, Toulouse, Tome 111, N\u00b0226, 1999.<\/p>\n\n\n\n<p>Yvonnet-Nouviale Val\u00e9rie, Michele Pradalier, Universit\u00e9 Toulouse-Jean Jaur\u00e8s, <em>La Sculpture Monumentale Romane De Saint-Sernin De Toulouse Et Sa Zone D&rsquo;influence Au Nord Des Pyr\u00e9n\u00e9es, <\/em>Universit\u00e9 Jean Jaur\u00e8s, Toulouse, 1997.<\/p>\n\n\n\n<p><\/p>\n","protected":false},"excerpt":{"rendered":"<p>Association Du Neuvi\u00e8me Centenaire De Saint-Sernin Toulouse, Saint-Sernin De Toulouse IXe Centenaire, Association Du Neuvi\u00e8me Centenaire, Toulouse, 1996. Daniel Cazes, Michel Escourbiac, Saint-Sernin de Toulouse &#8211; De Saturnin au chef-d&rsquo;oeuvre de l&rsquo;art roman, Odyssee, 2008. Durliat Marcel, Les Donn\u00e9es Historiques Relatives \u00e0 La Construction De Saint-Sernin De Toulouse, [S.n], Barcelone, 1965. Fr\u00e9d\u00e9rique Fantuzzo, Catherine Saint-Martin, &hellip; <\/p>\n<p class=\"link-more\"><a href=\"https:\/\/blogs.univ-jfc.fr\/vphn\/bibliographie-sur-la-basilique-saint-sernin\/\" class=\"more-link\">Continuer la lecture<span class=\"screen-reader-text\"> de &laquo;&nbsp;Bibliographie sur la basilique Saint-Sernin&nbsp;&raquo;<\/span><\/a><\/p>\n","protected":false},"author":685,"featured_media":0,"parent":0,"menu_order":0,"comment_status":"closed","ping_status":"closed","template":"","meta":[],"_links":{"self":[{"href":"https:\/\/blogs.univ-jfc.fr\/vphn\/wp-json\/wp\/v2\/pages\/8965"}],"collection":[{"href":"https:\/\/blogs.univ-jfc.fr\/vphn\/wp-json\/wp\/v2\/pages"}],"about":[{"href":"https:\/\/blogs.univ-jfc.fr\/vphn\/wp-json\/wp\/v2\/types\/page"}],"author":[{"embeddable":true,"href":"https:\/\/blogs.univ-jfc.fr\/vphn\/wp-json\/wp\/v2\/users\/685"}],"replies":[{"embeddable":true,"href":"https:\/\/blogs.univ-jfc.fr\/vphn\/wp-json\/wp\/v2\/comments?post=8965"}],"version-history":[{"count":1,"href":"https:\/\/blogs.univ-jfc.fr\/vphn\/wp-json\/wp\/v2\/pages\/8965\/revisions"}],"predecessor-version":[{"id":8966,"href":"https:\/\/blogs.univ-jfc.fr\/vphn\/wp-json\/wp\/v2\/pages\/8965\/revisions\/8966"}],"wp:attachment":[{"href":"https:\/\/blogs.univ-jfc.fr\/vphn\/wp-json\/wp\/v2\/media?parent=8965"}],"curies":[{"name":"wp","href":"https:\/\/api.w.org\/{rel}","templated":true}]}}