{"id":8970,"date":"2021-02-18T11:32:22","date_gmt":"2021-02-18T10:32:22","guid":{"rendered":"http:\/\/blogs.univ-jfc.fr\/vphn\/?page_id=8970"},"modified":"2021-03-18T10:41:25","modified_gmt":"2021-03-18T09:41:25","slug":"saint-etienne-de-toulouse","status":"publish","type":"page","link":"https:\/\/blogs.univ-jfc.fr\/vphn\/saint-etienne-de-toulouse\/","title":{"rendered":"Saint-\u00c9tienne de Toulouse"},"content":{"rendered":"\n<p>La cath\u00e9drale Saint-\u00c9tienne fut construite entre le XIII et XVIIe s. Comme la basilique Saint-Sernin, elle s\u2019\u00e9l\u00e8ve sur les ruines d\u2019une ancienne chapelle construite par Saint-Saturnin au IIIe s. C\u2019est l\u2019\u00e9v\u00eaque Isarn qui lan\u00e7a la construction tout d\u2019abord d\u2019un \u00e9difice roman. Au fur et \u00e0 mesure du temps, le style gothique prit de l\u2019ampleur. Le m\u00e9lange de plusieurs styles et sa longue construction en font une architecture hors-normes. Deux styles gothiques sont utilis\u00e9s : le gothique m\u00e9ridional pour la nef, le vaisseau et le gothique septentrional pour le ch\u0153ur avec ses vitraux. Elle abrite \u00e9galement des reliques de saints comme la sainte catholique, Jeanne de Toulouse. En 1862, elle fut class\u00e9e monument historique.<\/p>\n","protected":false},"excerpt":{"rendered":"<p>La cath\u00e9drale Saint-\u00c9tienne fut construite entre le XIII et XVIIe s. Comme la basilique Saint-Sernin, elle s\u2019\u00e9l\u00e8ve sur les ruines d\u2019une ancienne chapelle construite par Saint-Saturnin au IIIe s. C\u2019est l\u2019\u00e9v\u00eaque Isarn qui lan\u00e7a la construction tout d\u2019abord d\u2019un \u00e9difice roman. Au fur et \u00e0 mesure du temps, le style gothique prit de l\u2019ampleur. Le &hellip; <\/p>\n<p class=\"link-more\"><a href=\"https:\/\/blogs.univ-jfc.fr\/vphn\/saint-etienne-de-toulouse\/\" class=\"more-link\">Continuer la lecture<span class=\"screen-reader-text\"> de &laquo;&nbsp;Saint-\u00c9tienne de Toulouse&nbsp;&raquo;<\/span><\/a><\/p>\n","protected":false},"author":685,"featured_media":0,"parent":0,"menu_order":0,"comment_status":"closed","ping_status":"closed","template":"","meta":[],"_links":{"self":[{"href":"https:\/\/blogs.univ-jfc.fr\/vphn\/wp-json\/wp\/v2\/pages\/8970"}],"collection":[{"href":"https:\/\/blogs.univ-jfc.fr\/vphn\/wp-json\/wp\/v2\/pages"}],"about":[{"href":"https:\/\/blogs.univ-jfc.fr\/vphn\/wp-json\/wp\/v2\/types\/page"}],"author":[{"embeddable":true,"href":"https:\/\/blogs.univ-jfc.fr\/vphn\/wp-json\/wp\/v2\/users\/685"}],"replies":[{"embeddable":true,"href":"https:\/\/blogs.univ-jfc.fr\/vphn\/wp-json\/wp\/v2\/comments?post=8970"}],"version-history":[{"count":3,"href":"https:\/\/blogs.univ-jfc.fr\/vphn\/wp-json\/wp\/v2\/pages\/8970\/revisions"}],"predecessor-version":[{"id":9850,"href":"https:\/\/blogs.univ-jfc.fr\/vphn\/wp-json\/wp\/v2\/pages\/8970\/revisions\/9850"}],"wp:attachment":[{"href":"https:\/\/blogs.univ-jfc.fr\/vphn\/wp-json\/wp\/v2\/media?parent=8970"}],"curies":[{"name":"wp","href":"https:\/\/api.w.org\/{rel}","templated":true}]}}