{"id":8985,"date":"2021-02-18T12:34:44","date_gmt":"2021-02-18T11:34:44","guid":{"rendered":"http:\/\/blogs.univ-jfc.fr\/vphn\/?page_id=8985"},"modified":"2021-02-18T12:34:44","modified_gmt":"2021-02-18T11:34:44","slug":"les-reliques-de-la-basilique","status":"publish","type":"page","link":"https:\/\/blogs.univ-jfc.fr\/vphn\/les-reliques-de-la-basilique\/","title":{"rendered":"Les reliques de la basilique"},"content":{"rendered":"\n<p>Une relique s\u2019apparente \u00e0 un fragment de corps d\u2019un personnage ayant \u00e9tait canonis\u00e9 au sein de l\u2019\u00c9glise catholique. Une relique peut \u00eatre \u00e9galement assimil\u00e9e \u00e0 un objet qui a appartenu \u00e0 un Saint. De ce fait, une relique poss\u00e8de une tr\u00e8s grande valeur pour la chr\u00e9tient\u00e9 faisant l\u2019objet de nombreuses v\u00e9n\u00e9rations chez les fid\u00e8les. Les reliques des Saints nous invitent \u00e0 nous souvenir de l\u2019\u0153uvre de la gr\u00e2ce de Dieu dans leur vie. La proximit\u00e9 des restes des Saints, dans la gloire de Dieu,  nous rapproche du myst\u00e8re de la communion des Saints.<\/p>\n\n\n\n<div class=\"wp-block-image is-style-default\"><figure class=\"aligncenter size-medium\"><img loading=\"lazy\" width=\"225\" height=\"300\" src=\"https:\/\/blogs.univ-jfc.fr\/vphn\/wp-content\/uploads\/sites\/65\/2021\/02\/image-conv-225x300.jpg\" alt=\"\" class=\"wp-image-8986\" srcset=\"https:\/\/blogs.univ-jfc.fr\/vphn\/wp-content\/uploads\/sites\/65\/2021\/02\/image-conv-225x300.jpg 225w, https:\/\/blogs.univ-jfc.fr\/vphn\/wp-content\/uploads\/sites\/65\/2021\/02\/image-conv-768x1024.jpg 768w, https:\/\/blogs.univ-jfc.fr\/vphn\/wp-content\/uploads\/sites\/65\/2021\/02\/image-conv-1152x1536.jpg 1152w, https:\/\/blogs.univ-jfc.fr\/vphn\/wp-content\/uploads\/sites\/65\/2021\/02\/image-conv-1536x2048.jpg 1536w, https:\/\/blogs.univ-jfc.fr\/vphn\/wp-content\/uploads\/sites\/65\/2021\/02\/image-conv-scaled.jpg 1920w\" sizes=\"(max-width: 225px) 100vw, 225px\" \/><figcaption>Photo personnelle des reliques de la basilique Saint-Sernin.<\/figcaption><\/figure><\/div>\n\n\n\n<p><\/p>\n","protected":false},"excerpt":{"rendered":"<p>Une relique s\u2019apparente \u00e0 un fragment de corps d\u2019un personnage ayant \u00e9tait canonis\u00e9 au sein de l\u2019\u00c9glise catholique. Une relique peut \u00eatre \u00e9galement assimil\u00e9e \u00e0 un objet qui a appartenu \u00e0 un Saint. De ce fait, une relique poss\u00e8de une tr\u00e8s grande valeur pour la chr\u00e9tient\u00e9 faisant l\u2019objet de nombreuses v\u00e9n\u00e9rations chez les fid\u00e8les. Les &hellip; <\/p>\n<p class=\"link-more\"><a href=\"https:\/\/blogs.univ-jfc.fr\/vphn\/les-reliques-de-la-basilique\/\" class=\"more-link\">Continuer la lecture<span class=\"screen-reader-text\"> de &laquo;&nbsp;Les reliques de la basilique&nbsp;&raquo;<\/span><\/a><\/p>\n","protected":false},"author":685,"featured_media":0,"parent":0,"menu_order":0,"comment_status":"closed","ping_status":"closed","template":"","meta":[],"_links":{"self":[{"href":"https:\/\/blogs.univ-jfc.fr\/vphn\/wp-json\/wp\/v2\/pages\/8985"}],"collection":[{"href":"https:\/\/blogs.univ-jfc.fr\/vphn\/wp-json\/wp\/v2\/pages"}],"about":[{"href":"https:\/\/blogs.univ-jfc.fr\/vphn\/wp-json\/wp\/v2\/types\/page"}],"author":[{"embeddable":true,"href":"https:\/\/blogs.univ-jfc.fr\/vphn\/wp-json\/wp\/v2\/users\/685"}],"replies":[{"embeddable":true,"href":"https:\/\/blogs.univ-jfc.fr\/vphn\/wp-json\/wp\/v2\/comments?post=8985"}],"version-history":[{"count":1,"href":"https:\/\/blogs.univ-jfc.fr\/vphn\/wp-json\/wp\/v2\/pages\/8985\/revisions"}],"predecessor-version":[{"id":8987,"href":"https:\/\/blogs.univ-jfc.fr\/vphn\/wp-json\/wp\/v2\/pages\/8985\/revisions\/8987"}],"wp:attachment":[{"href":"https:\/\/blogs.univ-jfc.fr\/vphn\/wp-json\/wp\/v2\/media?parent=8985"}],"curies":[{"name":"wp","href":"https:\/\/api.w.org\/{rel}","templated":true}]}}