{"id":9132,"date":"2021-02-23T18:26:39","date_gmt":"2021-02-23T17:26:39","guid":{"rendered":"http:\/\/blogs.univ-jfc.fr\/vphn\/?page_id=9132"},"modified":"2021-02-23T18:26:39","modified_gmt":"2021-02-23T17:26:39","slug":"pour-en-savoir-plus-2021","status":"publish","type":"page","link":"https:\/\/blogs.univ-jfc.fr\/vphn\/histoire-locale\/lastronomie-dans-le-sud-ouest-de-la-france-au-xviie-siecle-2021\/pour-en-savoir-plus-2021\/","title":{"rendered":"Pour en savoir plus&#8230;\u00a0[2021]"},"content":{"rendered":"\n<p><span style=\"text-decoration: underline\"><strong>Ouvrages g\u00e9n\u00e9raux<\/strong> :<\/span><\/p>\n\n\n\n<ul><li>B\u00e9ly L., <em>La France au XVII<\/em><em><sup>e<\/sup><\/em><em> si\u00e8cle<\/em>, Paris, Presses universitaires de France, 2009.&nbsp;<\/li><li>Conner C.D., <em>Histoire populaire des Sciences<\/em>, Montreuil, \u00c9dition L\u2019\u00e9chapp\u00e9e, 2011.&nbsp;<\/li><li>De La Cotardi\u00e8re P., <em>Histoire des sciences<\/em>, Paris, \u00c9ditions Tallandier, 2012.<\/li><li>Grenet M., <em>La passion des astres au XVII<\/em><em><sup>e<\/sup><\/em><em> si\u00e8cle : de l\u2019astrologie \u00e0 l\u2019astronomie<\/em>, Paris, Hachette, 1994.&nbsp;<\/li><li>Mazauric S., <em>Histoire des sciences \u00e0 l\u2019\u00e9poque moderne<\/em>, Paris, Armand Colin, 2009.&nbsp;<\/li><li>Verdet J.-P., <em>Une histoire de l\u2019astronomie<\/em>, Paris, Presses universitaires de France, 1990.&nbsp;<\/li><\/ul>\n\n\n\n<p><span style=\"text-decoration: underline\"><strong>Ouvrages sp\u00e9cifiques<\/strong> :<\/span><\/p>\n\n\n\n<ul><li><span style=\"text-decoration: underline\">Le Sud-Ouest de la France\u00a0:<\/span><\/li><\/ul>\n\n\n\n<ul><li>Mouranche M., <em>Et Toulouse pour apprendre<\/em>, Toulouse, Presses universitaires du Mirail, 2010.&nbsp;<\/li><li>Sanchez J.-C., <em>Histoire de l\u2019astronomie dans le midi de la France<\/em>, Villemur-sur-Tarn, \u00c9ditions Loubati\u00e8res, 2008.&nbsp;&nbsp;<\/li><li>Taillefer M., <em>\u00c9tudes sur la sociabilit\u00e9 \u00e0 Toulouse et dans le Midi toulousain de l\u2019Ancien r\u00e9gime \u00e0 la R\u00e9volution<\/em>, \u201cLes conf\u00e9rences acad\u00e9miques de Toulouse au XVII<sup>e<\/sup> si\u00e8cle\u201d, pp. 235-272, Toulouse, Presses universitaires du Midi, 2014.&nbsp;<\/li><\/ul>\n\n\n\n<ul><li><span style=\"text-decoration: underline\">Scientifiques fran\u00e7ais :<\/span><\/li><\/ul>\n\n\n\n<ul><li>Heilbron J., <em>Naissance de la sociologie<\/em>, \u201cLes intellectuels entre acad\u00e9mies &amp; salons\u201d, pp. 41-71, Marseille, Agone, 2006.&nbsp;<\/li><li>Sartori E., <em>Histoire des grands scientifiques fran\u00e7ais d\u2019Ambroise Par\u00e9 \u00e0 Pierre et Marie Curie<\/em>, Paris, Plon, 1999.&nbsp;<\/li><\/ul>\n\n\n\n<p><span style=\"text-decoration: underline\"><strong>Articles<\/strong> :<\/span><\/p>\n\n\n\n<ul><li>Chabbert P., \u201cFermat \u00e0 Castres\u201d, <em>Revue d\u2019histoire des sciences et de leurs applications<\/em>, 1967, n\u00b0 4, pp. 337-348.&nbsp;<\/li><li>Foucault D., \u201cM\u00e9decine et philosophie au XVII<sup>e<\/sup> si\u00e8cle : Fran\u00e7ois Bayle\u201d, <em>Cahier du Centre d\u2019\u00c9tude et d\u2019Histoire de la M\u00e9decine<\/em>, 1997, n\u00b0 4, pp. 1-77.<\/li><li>Foucault D., \u201cPierre Borel m\u00e9decin et savant castrais du XVII<sup>e<\/sup> si\u00e8cle\u201d, <em>Cahier du Centre d\u2019\u00c9tude et d\u2019Histoire de la M\u00e9decine<\/em>, 1999, n\u00b0 7, pp. 3-73.&nbsp;<\/li><li>Julien P., \u201cAnamorphoses et visions miraculeuses du p\u00e8re Maignan (1609-1676)\u201d, <em>M\u00e9langes de l\u2019\u00c9cole fran\u00e7aise de Rome : Italie et M\u00e9diterran\u00e9e<\/em>, 2005, n\u00b0 1, pp. 45-71.<\/li><li>Maber R., \u201cLes r\u00e9seaux de communication \u00e9rudits et les pouvoirs de l\u2019\u00c9tat en France au XVII<sup>e<\/sup> si\u00e8cle : ind\u00e9pendance et interp\u00e9n\u00e9tration\u201d, <em>Dix-septi\u00e8me si\u00e8cle<\/em>, 2015, n\u00b0 266, pp. 17-29.&nbsp;&nbsp;<\/li><li>Sanchez J.-C., \u201cL\u2019astronomie dans le Sud-Ouest de la France au XVII<sup>e<\/sup> si\u00e8cle\u201d, <em>Annales du Midi : revue arch\u00e9ologique, historique et philologique de la France m\u00e9ridionale<\/em>, 2009, n\u00b0 265, pp. 57-59.&nbsp;<\/li><\/ul>\n","protected":false},"excerpt":{"rendered":"<p>Ouvrages g\u00e9n\u00e9raux : B\u00e9ly L., La France au XVIIe si\u00e8cle, Paris, Presses universitaires de France, 2009.&nbsp; Conner C.D., Histoire populaire des Sciences, Montreuil, \u00c9dition L\u2019\u00e9chapp\u00e9e, 2011.&nbsp; De La Cotardi\u00e8re P., Histoire des sciences, Paris, \u00c9ditions Tallandier, 2012. Grenet M., La passion des astres au XVIIe si\u00e8cle : de l\u2019astrologie \u00e0 l\u2019astronomie, Paris, Hachette, 1994.&nbsp; Mazauric &hellip; <\/p>\n<p class=\"link-more\"><a href=\"https:\/\/blogs.univ-jfc.fr\/vphn\/histoire-locale\/lastronomie-dans-le-sud-ouest-de-la-france-au-xviie-siecle-2021\/pour-en-savoir-plus-2021\/\" class=\"more-link\">Continuer la lecture<span class=\"screen-reader-text\"> de &laquo;&nbsp;Pour en savoir plus&#8230;\u00a0[2021]&nbsp;&raquo;<\/span><\/a><\/p>\n","protected":false},"author":741,"featured_media":0,"parent":7877,"menu_order":0,"comment_status":"closed","ping_status":"closed","template":"","meta":[],"_links":{"self":[{"href":"https:\/\/blogs.univ-jfc.fr\/vphn\/wp-json\/wp\/v2\/pages\/9132"}],"collection":[{"href":"https:\/\/blogs.univ-jfc.fr\/vphn\/wp-json\/wp\/v2\/pages"}],"about":[{"href":"https:\/\/blogs.univ-jfc.fr\/vphn\/wp-json\/wp\/v2\/types\/page"}],"author":[{"embeddable":true,"href":"https:\/\/blogs.univ-jfc.fr\/vphn\/wp-json\/wp\/v2\/users\/741"}],"replies":[{"embeddable":true,"href":"https:\/\/blogs.univ-jfc.fr\/vphn\/wp-json\/wp\/v2\/comments?post=9132"}],"version-history":[{"count":1,"href":"https:\/\/blogs.univ-jfc.fr\/vphn\/wp-json\/wp\/v2\/pages\/9132\/revisions"}],"predecessor-version":[{"id":9139,"href":"https:\/\/blogs.univ-jfc.fr\/vphn\/wp-json\/wp\/v2\/pages\/9132\/revisions\/9139"}],"up":[{"embeddable":true,"href":"https:\/\/blogs.univ-jfc.fr\/vphn\/wp-json\/wp\/v2\/pages\/7877"}],"wp:attachment":[{"href":"https:\/\/blogs.univ-jfc.fr\/vphn\/wp-json\/wp\/v2\/media?parent=9132"}],"curies":[{"name":"wp","href":"https:\/\/api.w.org\/{rel}","templated":true}]}}