{"id":9206,"date":"2021-02-27T20:06:12","date_gmt":"2021-02-27T19:06:12","guid":{"rendered":"http:\/\/blogs.univ-jfc.fr\/vphn\/?page_id=9206"},"modified":"2021-02-27T20:06:12","modified_gmt":"2021-02-27T19:06:12","slug":"les-figures-de-poseidonios-dapamee-jules-cesar-ciceron-et-strabon","status":"publish","type":"page","link":"https:\/\/blogs.univ-jfc.fr\/vphn\/histoire-locale\/les-rutenes-2021\/les-figures-de-poseidonios-dapamee-jules-cesar-ciceron-et-strabon\/","title":{"rendered":"Les figures de Poseidonios d&rsquo;Apam\u00e9e, Jules C\u00e9sar, Cic\u00e9ron et Strabon"},"content":{"rendered":"\n<p class=\"has-medium-font-size\"><strong>Poseidonios d&rsquo;Apam\u00e9 :<\/strong> <\/p>\n\n\n\n<p>Philosophe grec n\u00e9 aux environs de 135 av. J.-C. et originaire de la ville d\u2019Apam\u00e9e (Syrie actuelle) mort en 51 av. J.-C. \u00e0 Rome, Poseidonios est \u00e9galement un grand voyageur. T\u00f4t dans sa jeunesse, il quitte sa ville natale pour se rendre en Attique, \u00e0 Ath\u00e8nes. C\u2019est lors de son s\u00e9jour ath\u00e9nien qu\u2019il d\u00e9couvre la philosophie sto\u00efcienne, au contact de son mentor et ami Pan\u00e9tios, directeur de l\u2019\u00e9cole d\u2019Ath\u00e8nes. \u00c0 l\u2019\u00e2ge de 41 ans, il fonde sa propre \u00e9cole dans la ville de Rhodes, capitale de la plus grande \u00eele grecque \u00e9ponyme. Son \u00e9cole acquiert une grande renomm\u00e9e et finit par attirer de nombreux \u00e9l\u00e8ves, au rang desquels figure Cic\u00e9ron. Ayant pris part \u00e0 une ambassade envoy\u00e9e \u00e0 Rome, il se lie d\u2019amiti\u00e9 avec des personnes influentes de la capitale romaine. Il finit par voyager dans de nombreuses contr\u00e9es, notamment la Gaule et l\u2019Espagne.<\/p>\n\n\n\n<figure class=\"wp-block-image size-large is-resized\"><img loading=\"lazy\" src=\"http:\/\/blogs.univ-jfc.fr\/vphn\/wp-content\/uploads\/sites\/65\/2021\/02\/Poseidonios.png\" alt=\"\" class=\"wp-image-9209\" width=\"90\" height=\"166\" srcset=\"https:\/\/blogs.univ-jfc.fr\/vphn\/wp-content\/uploads\/sites\/65\/2021\/02\/Poseidonios.png 256w, https:\/\/blogs.univ-jfc.fr\/vphn\/wp-content\/uploads\/sites\/65\/2021\/02\/Poseidonios-163x300.png 163w\" sizes=\"(max-width: 90px) 100vw, 90px\" \/><figcaption>Copie romaine du buste de Poseidonios d\u2019Apam\u00e9e &#8211; Mus\u00e9e d\u2019arch\u00e9ologie \u00e0 Naples<\/figcaption><\/figure>\n\n\n\n<p class=\"has-medium-font-size\"><strong>Jules C\u00e9sar :<\/strong> <\/p>\n\n\n\n<p>G\u00e9n\u00e9ral romain du I<sup>er<\/sup> si\u00e8cle av. J.-C. (n\u00e9 en 100 av. J.-C. et mort en 44 av. J.-C.), il est issu d\u2019une famille aristocratique illustre : la famille des <em>Julii<\/em>. Apr\u00e8s un exil forc\u00e9 et un retour \u00e0 Rome en 73 av. J.-C., C\u00e9sar commence sa carri\u00e8re politique et parvient au poste de magistrat en 62 av. J.-C. \u00c0 la suite de cela, il conclut le premier <em>triumvirat<\/em> (de fa\u00e7on tout \u00e0 fait officieuse) avec les personnages politiques romains les plus importants de l\u2019\u00e9poque : les g\u00e9n\u00e9raux Crassus et Pomp\u00e9e. De l\u00e0 d\u00e9coule la conqu\u00eate de la Gaule par Jules C\u00e9sar entre 58 et 52 av. J.-C. (dont l\u2019histoire nous est connue gr\u00e2ce au <em>De Bellum Gallicum<\/em>, ouvrage r\u00e9dig\u00e9 par C\u00e9sar lui-m\u00eame). Le g\u00e9n\u00e9ral Crassus, de son c\u00f4t\u00e9, tente d\u2019envahir l&#8217;empire Parthes (Turquie actuelle), mais est assassin\u00e9 lors de sa campagne. D\u00e8s lors, un climat de tension na\u00eet entre Pomp\u00e9e et C\u00e9sar.<\/p>\n\n\n\n<p>Apr\u00e8s une tentative d\u2019\u00e9viction de C\u00e9sar par le S\u00e9nat, le g\u00e9n\u00e9ral organise alors son arm\u00e9e et traverse le Rubicon ; ainsi d\u00e9bute la guerre civile \u00e0 Rome. Pomp\u00e9e tente de r\u00e9unir ses troupes, mais C\u00e9sar parvient \u00e0 gagner Rome et obtient du S\u00e9nat la dictature. La guerre contre Pomp\u00e9e reprend, mais, apr\u00e8s plusieurs \u00e9checs, celui-ci s\u2019enfuit en \u00c9gypte o\u00f9 il est assassin\u00e9.<\/p>\n\n\n\n<p>C\u00e9sar se retrouve ainsi seul au pouvoir et reste un temps en \u00c9gypte, puis, repart en guerre afin de mater les provinces toujours ralli\u00e9es \u00e0 Pomp\u00e9e. Une fois la victoire sienne, il s\u2019arroge les pleins pouvoirs et d\u00e9cide de r\u00e9organiser les fondations m\u00eame du pouvoir romain au travers de r\u00e9formes, cependant il n\u2019a pas le temps d\u2019achever son projet de r\u00e9organisation puisqu&rsquo;il est assassin\u00e9 en plein s\u00e9nat lors des <em>ides de mars<\/em> (le 15 mars) en 44 av. J.-C.<\/p>\n\n\n\n<figure class=\"wp-block-image size-large is-resized\"><img loading=\"lazy\" src=\"http:\/\/blogs.univ-jfc.fr\/vphn\/wp-content\/uploads\/sites\/65\/2021\/02\/Jules-Cesar.png\" alt=\"\" class=\"wp-image-9210\" width=\"142\" height=\"182\" \/><figcaption>L<em>e portrait de Tusculum (en), un des deux portraits accept\u00e9s de Jules C\u00e9sar, trouv\u00e9 par Lucien Bonaparte \u00e0 Tusculum &#8211; Museum of antiquities \u00e0 Turin.<\/em><\/figcaption><\/figure>\n\n\n\n<p class=\"has-medium-font-size\"><strong>Cic\u00e9ron :<\/strong> <\/p>\n\n\n\n<p>Figure romaine du I<sup>er<\/sup> si\u00e8cle av. J.-C. (n\u00e9 en 106 av. J.-C. et mort en 43 av. J.-C.), Cic\u00e9ron fut \u00e0 la fois philosophe et homme politique. Issu d\u2019un milieu aristocratique, il se lance dans une carri\u00e8re politique \u00e0 l\u2019\u00e2ge de 31 ans. Il gravit rapidement les \u00e9chelons mais c\u2019est gr\u00e2ce \u00e0 son discours, le <em>Pro Fonteio <\/em>(en 70 av. J.-C.)<em>, <\/em>que Cic\u00e9ron se fait d\u00e9finitivement reconna\u00eetre par le monde politique. Apr\u00e8s son arriv\u00e9e au S\u00e9nat (63 av. J.-C.) \u2013 et un conflit de longue dur\u00e9e avec le s\u00e9nateur Catilina, duquel il sort victorieux \u2013, la fin de sa carri\u00e8re politique est amorc\u00e9e, bien que retard\u00e9e, gr\u00e2ce \u00e0 l\u2019aide du g\u00e9n\u00e9ral Pomp\u00e9e, notamment par sa prise de position contre la politique mise en place par C\u00e9sar. <\/p>\n\n\n\n<p>En grand orateur de son temps, Cic\u00e9ron publie \u00e9galement de nombreux ouvrages politiques : <em>De respublica<\/em>,<em> De oratore <\/em>ou encore <em>Les Catilinaires <\/em>(discours prononc\u00e9s \u00e0 l\u2019encontre de Catilina). Apr\u00e8s s\u2019\u00eatre retir\u00e9 de la vie politique, il publie de nombreux ouvrages philosophiques tels que <em>De Finibus <\/em>ou <em>l\u2019Hortensius. <\/em>Il meurt assassin\u00e9 en 43 av. J.-C., sur l\u2019ordre de Marc-Antoine, ce dernier lui reprochant de s\u2019\u00eatre oppos\u00e9 aux id\u00e9es de Jules C\u00e9sar.<\/p>\n\n\n\n<figure class=\"wp-block-image size-large is-resized\"><img loading=\"lazy\" src=\"http:\/\/blogs.univ-jfc.fr\/vphn\/wp-content\/uploads\/sites\/65\/2021\/02\/Ciceron.png\" alt=\"\" class=\"wp-image-9211\" width=\"128\" height=\"192\" srcset=\"https:\/\/blogs.univ-jfc.fr\/vphn\/wp-content\/uploads\/sites\/65\/2021\/02\/Ciceron.png 252w, https:\/\/blogs.univ-jfc.fr\/vphn\/wp-content\/uploads\/sites\/65\/2021\/02\/Ciceron-199x300.png 199w\" sizes=\"(max-width: 128px) 100vw, 128px\" \/><figcaption>Portrait de Marcus Tullius Cicero, mus\u00e9e du Capitole (Le Vatican).<\/figcaption><\/figure>\n\n\n\n<p class=\"has-medium-font-size\"><strong>Strabon : <\/strong><\/p>\n\n\n\n<p class=\"has-normal-font-size\">G\u00e9ographe grec ayant v\u00e9cu entre le I<sup>er<\/sup> si\u00e8cle av J.-C. et le I<sup>er<\/sup> si\u00e8cle apr. J.-C. Il na\u00eet dans la ville d\u2019Amas\u00e9e, ville d\u2019une province grecque situ\u00e9e aujourd\u2019hui en Turquie. Durant sa jeunesse, il est form\u00e9 aupr\u00e8s d\u2019un grand pr\u00e9cepteur : Aristod\u00e8me de Nysa et effectue  plusieurs s\u00e9jours \u00e0 Rome. Grand g\u00e9ographe de son temps, ayant voyag\u00e9 dans plusieurs pays (p\u00e9ninsule ib\u00e9rique, \u00c9gypte, Bretagne, Aquitaine) du pourtour m\u00e9diterran\u00e9en, il apprend cette discipline aupr\u00e8s de Tyrannion, \u00e9galement g\u00e9ographe. Il publie alors plusieurs \u0153uvres m\u00ealant g\u00e9ographie, philosophie et histoire. Ces ouvrages d\u00e9crivent les pays dans lesquels Strabon voyage. Parmi ces ouvrages qui nous sont parvenus dans leur ensemble, il d\u00e9crit \u00e9galement les Sept Merveilles de l\u2019Antiquit\u00e9.<\/p>\n\n\n\n<figure class=\"wp-block-image size-large is-resized\"><img loading=\"lazy\" src=\"http:\/\/blogs.univ-jfc.fr\/vphn\/wp-content\/uploads\/sites\/65\/2021\/02\/Strabon-dAmasee.png\" alt=\"\" class=\"wp-image-9208\" width=\"115\" height=\"139\" srcset=\"https:\/\/blogs.univ-jfc.fr\/vphn\/wp-content\/uploads\/sites\/65\/2021\/02\/Strabon-dAmasee.png 259w, https:\/\/blogs.univ-jfc.fr\/vphn\/wp-content\/uploads\/sites\/65\/2021\/02\/Strabon-dAmasee-248x300.png 248w\" sizes=\"(max-width: 115px) 100vw, 115px\" \/><figcaption>Strabon d&rsquo;Amas\u00e9e, gravure du XVIe si\u00e8cle.<\/figcaption><\/figure>\n","protected":false},"excerpt":{"rendered":"<p>Poseidonios d&rsquo;Apam\u00e9 : Philosophe grec n\u00e9 aux environs de 135 av. J.-C. et originaire de la ville d\u2019Apam\u00e9e (Syrie actuelle) mort en 51 av. J.-C. \u00e0 Rome, Poseidonios est \u00e9galement un grand voyageur. T\u00f4t dans sa jeunesse, il quitte sa ville natale pour se rendre en Attique, \u00e0 Ath\u00e8nes. C\u2019est lors de son s\u00e9jour ath\u00e9nien &hellip; <\/p>\n<p class=\"link-more\"><a href=\"https:\/\/blogs.univ-jfc.fr\/vphn\/histoire-locale\/les-rutenes-2021\/les-figures-de-poseidonios-dapamee-jules-cesar-ciceron-et-strabon\/\" class=\"more-link\">Continuer la lecture<span class=\"screen-reader-text\"> de &laquo;&nbsp;Les figures de Poseidonios d&rsquo;Apam\u00e9e, Jules C\u00e9sar, Cic\u00e9ron et Strabon&nbsp;&raquo;<\/span><\/a><\/p>\n","protected":false},"author":760,"featured_media":0,"parent":7879,"menu_order":0,"comment_status":"closed","ping_status":"closed","template":"","meta":[],"_links":{"self":[{"href":"https:\/\/blogs.univ-jfc.fr\/vphn\/wp-json\/wp\/v2\/pages\/9206"}],"collection":[{"href":"https:\/\/blogs.univ-jfc.fr\/vphn\/wp-json\/wp\/v2\/pages"}],"about":[{"href":"https:\/\/blogs.univ-jfc.fr\/vphn\/wp-json\/wp\/v2\/types\/page"}],"author":[{"embeddable":true,"href":"https:\/\/blogs.univ-jfc.fr\/vphn\/wp-json\/wp\/v2\/users\/760"}],"replies":[{"embeddable":true,"href":"https:\/\/blogs.univ-jfc.fr\/vphn\/wp-json\/wp\/v2\/comments?post=9206"}],"version-history":[{"count":5,"href":"https:\/\/blogs.univ-jfc.fr\/vphn\/wp-json\/wp\/v2\/pages\/9206\/revisions"}],"predecessor-version":[{"id":9265,"href":"https:\/\/blogs.univ-jfc.fr\/vphn\/wp-json\/wp\/v2\/pages\/9206\/revisions\/9265"}],"up":[{"embeddable":true,"href":"https:\/\/blogs.univ-jfc.fr\/vphn\/wp-json\/wp\/v2\/pages\/7879"}],"wp:attachment":[{"href":"https:\/\/blogs.univ-jfc.fr\/vphn\/wp-json\/wp\/v2\/media?parent=9206"}],"curies":[{"name":"wp","href":"https:\/\/api.w.org\/{rel}","templated":true}]}}