{"id":9215,"date":"2021-02-27T19:57:49","date_gmt":"2021-02-27T18:57:49","guid":{"rendered":"http:\/\/blogs.univ-jfc.fr\/vphn\/?page_id=9215"},"modified":"2021-02-27T19:57:49","modified_gmt":"2021-02-27T18:57:49","slug":"la-pratique-de-lobside-le-cas-de-tatinos-et-attalus","status":"publish","type":"page","link":"https:\/\/blogs.univ-jfc.fr\/vphn\/histoire-locale\/les-rutenes-2021\/la-pratique-de-lobside-le-cas-de-tatinos-et-attalus\/","title":{"rendered":"La pratique de l&rsquo;obside, le cas de Tatinos et Attalus"},"content":{"rendered":"\n<p>La pratique de l\u2019<em>obside<\/em> consistait \u00e0 prendre en otage des fils de grandes familles, dans le but de maintenir une mainmise constante sur un peuple avec lequel \u00e9tait conclu un trait\u00e9, protectorat par exemple, entre deux factions. Cette pratique est commune \u00e0 de nombreux peuples durant la p\u00e9riode antique, elle fait partie d\u2019une certaine tradition autant pour les gaulois que pour les romains. Les cas de Tatinos et Attalus m\u00e9ritent d\u2019\u00eatre abord\u00e9s car tous deux ont \u00e9t\u00e9 concern\u00e9s par l\u2019<em>obside<\/em>. Lors du Ier si\u00e8cle avant J.-C. les Romains se sont assur\u00e9s le contr\u00f4le de certains peuples gaulois dont les Rut\u00e8nes. Les noms de Tatinos et Attalus retrouv\u00e9s soit via des inscriptions, soit gr\u00e2ce \u00e0 des pi\u00e8ces de monnaies \u00e0 leurs effigies, semblent \u00eatre identifi\u00e9s comme les fils de chefs notables Gaulois de la r\u00e9gion rut\u00e8ne. <\/p>\n\n\n\n<div class=\"wp-block-image\"><figure class=\"aligncenter size-large is-resized\"><img loading=\"lazy\" src=\"http:\/\/blogs.univ-jfc.fr\/vphn\/wp-content\/uploads\/sites\/65\/2021\/02\/monnaie-de-Tatinos.png\" alt=\"\" class=\"wp-image-9217\" width=\"512\" height=\"270\" srcset=\"https:\/\/blogs.univ-jfc.fr\/vphn\/wp-content\/uploads\/sites\/65\/2021\/02\/monnaie-de-Tatinos.png 512w, https:\/\/blogs.univ-jfc.fr\/vphn\/wp-content\/uploads\/sites\/65\/2021\/02\/monnaie-de-Tatinos-300x158.png 300w\" sizes=\"(max-width: 512px) 100vw, 512px\" \/><figcaption>Monnaie de bronze de Tatinos de la grotte de L\u2019Ourtiguet (Sainte-Eulalie-de-Cernon, Aveyron).\u00a9 Clich\u00e9 J. Pujol.<\/figcaption><\/figure><\/div>\n\n\n\n<p>En ce qui concerne Attalus nous savons que son nom complet \u00e9tait \u00ab Manutius Attalus \u00bb. Cet indice est pr\u00e9cieux car nous pouvons faire le lien avec un grand personnage romain nomm\u00e9 Manutius Plancus, grand ami de C\u00e9sar et cr\u00e9ateur de Lugdunum. Attalus a donc \u00e9t\u00e9 affili\u00e9 \u00e0 la famille de ce notable romain lors de son<em> obside<\/em>. Le jeune rut\u00e8ne d\u00e9veloppe alors une culture et des codes de conduite romains car il est int\u00e9gr\u00e9 et \u00e9duqu\u00e9 de la m\u00eame mani\u00e8re que le propre fils de Manutius Plancus, \u00e0 la seule condition qu\u2019il n\u2019y ait pas de grands basculements diplomatiques entre les deux peuples. Apr\u00e8s avoir \u00e9duqu\u00e9 les otages, Rome remettait \u00e0 chaque peuple gaulois les fils de notables qui devenaient de r\u00e9els outils politiques romains. On retrouve par exemple le nom de Tatinos sur des pi\u00e8ces de monnaies du Ier si\u00e8cle avant J.-C. en pays rut\u00e8ne, montrant le poids politique de ces figures. Ils jouaient une fois revenus dans leur r\u00e9gion d\u2019origine un r\u00f4le primordial dans l\u2019administration et la politique du territoire. Les otages \u00e9taient \u00e0 la fois une mani\u00e8re de s\u2019assurer du soutien des peuples mais aussi plus tard un relai politique romain facilitant l\u2019int\u00e9gration des territoires \u00e0 Rome.<\/p>\n","protected":false},"excerpt":{"rendered":"<p>La pratique de l\u2019obside consistait \u00e0 prendre en otage des fils de grandes familles, dans le but de maintenir une mainmise constante sur un peuple avec lequel \u00e9tait conclu un trait\u00e9, protectorat par exemple, entre deux factions. Cette pratique est commune \u00e0 de nombreux peuples durant la p\u00e9riode antique, elle fait partie d\u2019une certaine tradition &hellip; <\/p>\n<p class=\"link-more\"><a href=\"https:\/\/blogs.univ-jfc.fr\/vphn\/histoire-locale\/les-rutenes-2021\/la-pratique-de-lobside-le-cas-de-tatinos-et-attalus\/\" class=\"more-link\">Continuer la lecture<span class=\"screen-reader-text\"> de &laquo;&nbsp;La pratique de l&rsquo;obside, le cas de Tatinos et Attalus&nbsp;&raquo;<\/span><\/a><\/p>\n","protected":false},"author":760,"featured_media":0,"parent":7879,"menu_order":0,"comment_status":"closed","ping_status":"closed","template":"","meta":[],"_links":{"self":[{"href":"https:\/\/blogs.univ-jfc.fr\/vphn\/wp-json\/wp\/v2\/pages\/9215"}],"collection":[{"href":"https:\/\/blogs.univ-jfc.fr\/vphn\/wp-json\/wp\/v2\/pages"}],"about":[{"href":"https:\/\/blogs.univ-jfc.fr\/vphn\/wp-json\/wp\/v2\/types\/page"}],"author":[{"embeddable":true,"href":"https:\/\/blogs.univ-jfc.fr\/vphn\/wp-json\/wp\/v2\/users\/760"}],"replies":[{"embeddable":true,"href":"https:\/\/blogs.univ-jfc.fr\/vphn\/wp-json\/wp\/v2\/comments?post=9215"}],"version-history":[{"count":4,"href":"https:\/\/blogs.univ-jfc.fr\/vphn\/wp-json\/wp\/v2\/pages\/9215\/revisions"}],"predecessor-version":[{"id":9266,"href":"https:\/\/blogs.univ-jfc.fr\/vphn\/wp-json\/wp\/v2\/pages\/9215\/revisions\/9266"}],"up":[{"embeddable":true,"href":"https:\/\/blogs.univ-jfc.fr\/vphn\/wp-json\/wp\/v2\/pages\/7879"}],"wp:attachment":[{"href":"https:\/\/blogs.univ-jfc.fr\/vphn\/wp-json\/wp\/v2\/media?parent=9215"}],"curies":[{"name":"wp","href":"https:\/\/api.w.org\/{rel}","templated":true}]}}