{"id":9220,"date":"2021-02-27T20:02:46","date_gmt":"2021-02-27T19:02:46","guid":{"rendered":"http:\/\/blogs.univ-jfc.fr\/vphn\/?page_id=9220"},"modified":"2021-02-27T20:02:46","modified_gmt":"2021-02-27T19:02:46","slug":"les-peuples-voisins-des-rutenes","status":"publish","type":"page","link":"https:\/\/blogs.univ-jfc.fr\/vphn\/histoire-locale\/les-rutenes-2021\/les-peuples-voisins-des-rutenes\/","title":{"rendered":"Les peuples voisins des Rut\u00e8nes"},"content":{"rendered":"\n<div class=\"wp-block-image\"><figure class=\"aligncenter size-large is-resized\"><img loading=\"lazy\" src=\"http:\/\/blogs.univ-jfc.fr\/vphn\/wp-content\/uploads\/sites\/65\/2021\/02\/carte-peuples-voisins-des-Rutenes.png\" alt=\"\" class=\"wp-image-9224\" width=\"396\" height=\"399\" srcset=\"https:\/\/blogs.univ-jfc.fr\/vphn\/wp-content\/uploads\/sites\/65\/2021\/02\/carte-peuples-voisins-des-Rutenes.png 396w, https:\/\/blogs.univ-jfc.fr\/vphn\/wp-content\/uploads\/sites\/65\/2021\/02\/carte-peuples-voisins-des-Rutenes-298x300.png 298w, https:\/\/blogs.univ-jfc.fr\/vphn\/wp-content\/uploads\/sites\/65\/2021\/02\/carte-peuples-voisins-des-Rutenes-150x150.png 150w, https:\/\/blogs.univ-jfc.fr\/vphn\/wp-content\/uploads\/sites\/65\/2021\/02\/carte-peuples-voisins-des-Rutenes-100x100.png 100w\" sizes=\"(max-width: 396px) 100vw, 396px\" \/><figcaption>Carte des peuples gaulois \u00e0 la fin du Ier av. J.-C. (Wikipedia)<\/figcaption><\/figure><\/div>\n\n\n\n<p>Les Arvernes, dirig\u00e9s lors de la guerre des Gaules par Vercing\u00e9torix, occupent le massif central au Nord du territoire rut\u00e8ne. Ils m\u00e8nent la lutte contre les arm\u00e9es romaines de Jules C\u00e9sar et coalisent ainsi plusieurs peuples gaulois jusqu&rsquo;\u00e0 leur d\u00e9faite \u00e0 Al\u00e9sia en 52 av. J.-C.<\/p>\n\n\n\n<p>Les Gabales sont un peuple gaulois dont le territoire s&rsquo;\u00e9tendait sur l&rsquo;actuelle Loz\u00e8re, \u00e0 l&rsquo;Est des Rut\u00e8nes. Ils furent clients des Arvernes qu&rsquo;ils aidaient contre Rome.<\/p>\n\n\n\n<p>Les Cadurques sont des Gaulois qui occupaient la vall\u00e9e du Lot et le Sud du massif central. Le chef Lucterios dirige les opposants \u00e0 la conqu\u00eate romaine apr\u00e8s la d\u00e9faite des Arvernes \u00e0 Al\u00e9sia.<\/p>\n","protected":false},"excerpt":{"rendered":"<p>Les Arvernes, dirig\u00e9s lors de la guerre des Gaules par Vercing\u00e9torix, occupent le massif central au Nord du territoire rut\u00e8ne. Ils m\u00e8nent la lutte contre les arm\u00e9es romaines de Jules C\u00e9sar et coalisent ainsi plusieurs peuples gaulois jusqu&rsquo;\u00e0 leur d\u00e9faite \u00e0 Al\u00e9sia en 52 av. J.-C. Les Gabales sont un peuple gaulois dont le territoire &hellip; <\/p>\n<p class=\"link-more\"><a href=\"https:\/\/blogs.univ-jfc.fr\/vphn\/histoire-locale\/les-rutenes-2021\/les-peuples-voisins-des-rutenes\/\" class=\"more-link\">Continuer la lecture<span class=\"screen-reader-text\"> de &laquo;&nbsp;Les peuples voisins des Rut\u00e8nes&nbsp;&raquo;<\/span><\/a><\/p>\n","protected":false},"author":760,"featured_media":0,"parent":7879,"menu_order":0,"comment_status":"closed","ping_status":"closed","template":"","meta":[],"_links":{"self":[{"href":"https:\/\/blogs.univ-jfc.fr\/vphn\/wp-json\/wp\/v2\/pages\/9220"}],"collection":[{"href":"https:\/\/blogs.univ-jfc.fr\/vphn\/wp-json\/wp\/v2\/pages"}],"about":[{"href":"https:\/\/blogs.univ-jfc.fr\/vphn\/wp-json\/wp\/v2\/types\/page"}],"author":[{"embeddable":true,"href":"https:\/\/blogs.univ-jfc.fr\/vphn\/wp-json\/wp\/v2\/users\/760"}],"replies":[{"embeddable":true,"href":"https:\/\/blogs.univ-jfc.fr\/vphn\/wp-json\/wp\/v2\/comments?post=9220"}],"version-history":[{"count":2,"href":"https:\/\/blogs.univ-jfc.fr\/vphn\/wp-json\/wp\/v2\/pages\/9220\/revisions"}],"predecessor-version":[{"id":9226,"href":"https:\/\/blogs.univ-jfc.fr\/vphn\/wp-json\/wp\/v2\/pages\/9220\/revisions\/9226"}],"up":[{"embeddable":true,"href":"https:\/\/blogs.univ-jfc.fr\/vphn\/wp-json\/wp\/v2\/pages\/7879"}],"wp:attachment":[{"href":"https:\/\/blogs.univ-jfc.fr\/vphn\/wp-json\/wp\/v2\/media?parent=9220"}],"curies":[{"name":"wp","href":"https:\/\/api.w.org\/{rel}","templated":true}]}}