{"id":9231,"date":"2021-02-27T20:15:00","date_gmt":"2021-02-27T19:15:00","guid":{"rendered":"http:\/\/blogs.univ-jfc.fr\/vphn\/?page_id=9231"},"modified":"2021-02-27T20:15:00","modified_gmt":"2021-02-27T19:15:00","slug":"le-district-minier-autour-de-carantomagos","status":"publish","type":"page","link":"https:\/\/blogs.univ-jfc.fr\/vphn\/histoire-locale\/les-rutenes-2021\/le-district-minier-autour-de-carantomagos\/","title":{"rendered":"Le district minier autour de Carantomagos"},"content":{"rendered":"\n<p>Dans les sites miniers localis\u00e9s, autour des Monts l\u2019Orb et de sa vall\u00e9e ainsi que dans ceux de la montagne Noire, de l\u2019actuel H\u00e9rault, du Sud Est du Tarn et de l\u2019Aveyron, nous retrouvons la pr\u00e9sence d\u2019une occupation romaine au IIe et Ier si\u00e8cle avant J.-C. Ce n\u2019est que plus tard que les romains s\u2019installent plus au Nord, dans la r\u00e9gion de Compolibat (Cranton), Villefranche-de-Rouergue, La-Bastide-l\u2019Ev\u00eaque et jusqu\u2019en Viad\u00e8ne. Peut-\u00eatre une activit\u00e9 d\u2019extraction rut\u00e8ne de moindre proportion que l\u2019extraction romaine plus tardive y \u00e9tait-elle d\u00e9j\u00e0 en place. Malheureusement, nous n\u2019en savons rien, les fouilles et sources \u00e9tant insuffisante sur cette p\u00e9riode. Nous en savons en revanche un peu plus sur l\u2019activit\u00e9 \u00e0 Carantomagos (Ouest Aveyron) au changement d\u2019\u00e8re, via la d\u00e9couverte d\u2019une dalle sur laquelle est visible une inscription \u00e0 Peuch-de-Serre\/Puech de la Verhne sur la commune de La Bastide l\u2019Ev\u00eaque. Il y est \u00e9crit en latin :<\/p>\n\n\n\n<div class=\"wp-block-image\"><figure class=\"alignright size-large\"><img loading=\"lazy\" width=\"394\" height=\"255\" src=\"http:\/\/blogs.univ-jfc.fr\/vphn\/wp-content\/uploads\/sites\/65\/2021\/02\/Dalle-de-La-Bastide-lEveque.png\" alt=\"\" class=\"wp-image-9233\" srcset=\"https:\/\/blogs.univ-jfc.fr\/vphn\/wp-content\/uploads\/sites\/65\/2021\/02\/Dalle-de-La-Bastide-lEveque.png 394w, https:\/\/blogs.univ-jfc.fr\/vphn\/wp-content\/uploads\/sites\/65\/2021\/02\/Dalle-de-La-Bastide-lEveque-300x194.png 300w\" sizes=\"(max-width: 394px) 100vw, 394px\" \/><figcaption>Inscription de Zmaragdus. Moulage de la pi\u00e8ce conserv\u00e9e au Mus\u00e9e des Antiquit\u00e9s Nationales de Saint-Germain-en-Laye (mus\u00e9e de Villeufranche de Rouergue, clich\u00e9 J.-G. Morasz)<\/figcaption><\/figure><\/div>\n\n\n\n<p><em>A Zmaragdus, intendant,<\/em><\/p>\n\n\n\n<p><em>tr\u00e9sorier, [leur] pr\u00e9sident,<\/em><\/p>\n\n\n\n<p><em>par d\u00e9cret des d\u00e9curions des<\/em><\/p>\n\n\n\n<p><em>esclaves de Tib\u00e8re C\u00e9sar<\/em><\/p>\n\n\n\n<p><em>employ\u00e9s aux mines<\/em><\/p>\n\n\n\n<p>Cette inscription date du r\u00e8gne de Tib\u00e8re empereur romain dans les ann\u00e9es 30 apr\u00e8s J.-C. annon\u00e7ant que Zmaragdus devient intendant apr\u00e8s avoir \u00e9t\u00e9 tr\u00e9sorier puis pr\u00e9sident du coll\u00e8ge de la <em>familia <\/em>imp\u00e9riale (= l\u2019ensemble des d\u00e9pendants, affranchis et esclaves, propri\u00e9t\u00e9 de l\u2019empereur). L\u2019historien Jean-Marie Pailler dans l\u2019ouvrage <em>Les Rut\u00e8nes ; du peuple \u00e0 la cit\u00e9,<\/em> conclut de Zmaragdus via d\u2019autres sources, qu\u2019il est affranchi et lui-m\u00eame ancien esclave de la <em>familia <\/em>de l\u2019empereur Tib\u00e8re. Son nom est d\u2019origine \u00e9gyptienne et peut \u00eatre un indice illustrant les origines diverses et vari\u00e9es des esclaves travaillant dans le district minier. Monsieur Pailler prend ensuite appui sur un texte de l\u2019auteur antique Su\u00e9tone nous montrant que Tib\u00e8re a d\u00e9poss\u00e9d\u00e9 certains grands notables romains de leurs propri\u00e9t\u00e9s dont certaines \u00e9taient des mines afin de limiter la concurrence de ces puissants. La r\u00e9gion mini\u00e8re de <em>Carantomagos <\/em>devient alors propri\u00e9t\u00e9 imp\u00e9riale \u00e0 partir de 33 apr\u00e8s J.-C. Avant cette date, comme bon nombre de r\u00e9gions mini\u00e8res rut\u00e8nes, elle faisait partie d\u2019un grand ensemble tr\u00e8s dynamique au sein des soci\u00e9t\u00e9s SS ou SR (<em>Societas Segdunensium, Societas Rutenensium<\/em>) g\u00e9n\u00e9rant des profits consid\u00e9rables entre le Ier si\u00e8cle avant J.-C. et 33. L\u2019activit\u00e9 mini\u00e8re s\u2019int\u00e8gre jusqu\u2019\u00e0 la fin du IIe si\u00e8cle dans un vaste processus de commercialisation via le r\u00e9seau routier pour le march\u00e9 latin et plus largement le march\u00e9 de l\u2019Empire.<\/p>\n\n\n\n<div class=\"wp-block-image\"><figure class=\"aligncenter size-large\"><img loading=\"lazy\" width=\"519\" height=\"593\" src=\"http:\/\/blogs.univ-jfc.fr\/vphn\/wp-content\/uploads\/sites\/65\/2021\/02\/carte-general-sur-la-presence-rutene.png\" alt=\"\" class=\"wp-image-9235\" srcset=\"https:\/\/blogs.univ-jfc.fr\/vphn\/wp-content\/uploads\/sites\/65\/2021\/02\/carte-general-sur-la-presence-rutene.png 519w, https:\/\/blogs.univ-jfc.fr\/vphn\/wp-content\/uploads\/sites\/65\/2021\/02\/carte-general-sur-la-presence-rutene-263x300.png 263w\" sizes=\"(max-width: 519px) 100vw, 519px\" \/><figcaption>Occupation du sol de la cit\u00e9 des Rut\u00e8nes durant l\u2019Antiquit\u00e9, source&nbsp;: Patriarche Minist\u00e8re de la Culture et de la Communication, SRA Midi-Pyr\u00e9n\u00e9es, 2007.<\/figcaption><\/figure><\/div>\n\n\n\n<p><em>Carantomagos <\/em>signifie en Gaulois, \u00ab le march\u00e9 des amis \u00bb. Il s\u2019agirait d\u2019un lieu commercial d\u00e9j\u00e0 occup\u00e9 avant l\u2019arriv\u00e9e des romains comme il en existe ailleurs en Gaule \u00e0 la m\u00eame p\u00e9riode.  Nous pouvons \u00eatre quasi certains de la pr\u00e9sence d\u2019un chemin reliant le territoire des Cadurques dans le lot actuel, \u00e0 celui des Rut\u00e8nes avec pour point relais et lieu d\u2019\u00e9change <em>Carantomagos<\/em>. Si ce site<em> <\/em>a pu exister dans des p\u00e9riodes ant\u00e9rieures, ce n\u2019est r\u00e9ellement qu\u2019\u00e0 l\u2019arriv\u00e9e des romains que l\u2019agglom\u00e9ration prend un tournant important, comme l\u2019attestent les fouilles \u00e0 Cranton avec un site de pr\u00e8s de 10 \u00e0 16 hectares. Nous pouvons dire que durant le Ier si\u00e8cle de notre \u00e8re <em>Carantomagos <\/em>est l\u2019agglom\u00e9ration de la r\u00e9gion Nord Ouest rut\u00e8ne \u00e0 potentiel argentif\u00e8re la plus importante, on en a la source \u00e9crite par le biais de la Table de Peutinger. Sur cet espace, la circulation et l\u2019exploitation de ressources mini\u00e8res antiques ne font aucun doute, lui donnant un r\u00f4le important en tant que c\u0153ur de district minier \u00e0 <em>Carantomagos<\/em>. Un triangle correspondant \u00e0 l\u2019espace le plus dense en termes d\u2019exploitation mini\u00e8re peut \u00eatre \u00e9tabli entre le site de <em>Carantomagos<\/em>, les sites \u00e0 proximit\u00e9 de Villefranche-de-Rouergue et enfin La-Bastide-L\u2019Ev\u00eaque avec le site de Puech de la Vernhe. Cette r\u00e9gion mini\u00e8re \u00e9tait donc certainement marqu\u00e9e par un regroupement d\u2019habitat plus concentr\u00e9 que dans d\u2019autres espaces plus agricoles compris \u00e0 l\u2019int\u00e9rieur de la cit\u00e9 rut\u00e8ne.<\/p>\n","protected":false},"excerpt":{"rendered":"<p>Dans les sites miniers localis\u00e9s, autour des Monts l\u2019Orb et de sa vall\u00e9e ainsi que dans ceux de la montagne Noire, de l\u2019actuel H\u00e9rault, du Sud Est du Tarn et de l\u2019Aveyron, nous retrouvons la pr\u00e9sence d\u2019une occupation romaine au IIe et Ier si\u00e8cle avant J.-C. Ce n\u2019est que plus tard que les romains s\u2019installent &hellip; <\/p>\n<p class=\"link-more\"><a href=\"https:\/\/blogs.univ-jfc.fr\/vphn\/histoire-locale\/les-rutenes-2021\/le-district-minier-autour-de-carantomagos\/\" class=\"more-link\">Continuer la lecture<span class=\"screen-reader-text\"> de &laquo;&nbsp;Le district minier autour de Carantomagos&nbsp;&raquo;<\/span><\/a><\/p>\n","protected":false},"author":760,"featured_media":0,"parent":7879,"menu_order":0,"comment_status":"closed","ping_status":"closed","template":"","meta":[],"_links":{"self":[{"href":"https:\/\/blogs.univ-jfc.fr\/vphn\/wp-json\/wp\/v2\/pages\/9231"}],"collection":[{"href":"https:\/\/blogs.univ-jfc.fr\/vphn\/wp-json\/wp\/v2\/pages"}],"about":[{"href":"https:\/\/blogs.univ-jfc.fr\/vphn\/wp-json\/wp\/v2\/types\/page"}],"author":[{"embeddable":true,"href":"https:\/\/blogs.univ-jfc.fr\/vphn\/wp-json\/wp\/v2\/users\/760"}],"replies":[{"embeddable":true,"href":"https:\/\/blogs.univ-jfc.fr\/vphn\/wp-json\/wp\/v2\/comments?post=9231"}],"version-history":[{"count":4,"href":"https:\/\/blogs.univ-jfc.fr\/vphn\/wp-json\/wp\/v2\/pages\/9231\/revisions"}],"predecessor-version":[{"id":9269,"href":"https:\/\/blogs.univ-jfc.fr\/vphn\/wp-json\/wp\/v2\/pages\/9231\/revisions\/9269"}],"up":[{"embeddable":true,"href":"https:\/\/blogs.univ-jfc.fr\/vphn\/wp-json\/wp\/v2\/pages\/7879"}],"wp:attachment":[{"href":"https:\/\/blogs.univ-jfc.fr\/vphn\/wp-json\/wp\/v2\/media?parent=9231"}],"curies":[{"name":"wp","href":"https:\/\/api.w.org\/{rel}","templated":true}]}}