{"id":9253,"date":"2021-02-27T20:10:48","date_gmt":"2021-02-27T19:10:48","guid":{"rendered":"http:\/\/blogs.univ-jfc.fr\/vphn\/?page_id=9253"},"modified":"2021-02-27T20:10:48","modified_gmt":"2021-02-27T19:10:48","slug":"les-rutenes-provinciaux","status":"publish","type":"page","link":"https:\/\/blogs.univ-jfc.fr\/vphn\/histoire-locale\/les-rutenes-2021\/les-rutenes-provinciaux\/","title":{"rendered":"Les Rut\u00e8nes \u00ab\u00a0provinciaux\u00a0\u00bb"},"content":{"rendered":"\n<p>Les \u00ab provinciaux \u00bb tels qu\u2019ils sont d\u00e9sign\u00e9s par Jules C\u00e9sar dans <em>De Bellum Gallicum <\/em>repr\u00e9sentent la population de la partie sud du territoire rut\u00e8ne (le d\u00e9partement du Tarn et ses environs), qui fut conquise par l\u2019arm\u00e9e romaine d\u00e8s 121 av. J.-C. Le peu de mentions faites dans les \u00e9crits de C\u00e9sar de ces \u00ab provinciaux \u00bb serait d\u00fb \u00e0 deux faits : le premier serait que l\u2019un des anc\u00eatres de Lucius Ahenobarbus (adversaire politique de C\u00e9sar) aurait dirig\u00e9 la conqu\u00eate de la Narbonnaise et, donc, de fait, la partie sud du territoire rut\u00e8ne ; le second est que l\u2019influence de Pomp\u00e9e sur cette r\u00e9gion aurait \u00e9t\u00e9 importante et ce jusqu\u2019\u00e0 la guerre civile de Rome opposant Jules C\u00e9sar et Pomp\u00e9e (49 av. J.-C. \u00e0 45 av. J.-C.).<\/p>\n","protected":false},"excerpt":{"rendered":"<p>Les \u00ab provinciaux \u00bb tels qu\u2019ils sont d\u00e9sign\u00e9s par Jules C\u00e9sar dans De Bellum Gallicum repr\u00e9sentent la population de la partie sud du territoire rut\u00e8ne (le d\u00e9partement du Tarn et ses environs), qui fut conquise par l\u2019arm\u00e9e romaine d\u00e8s 121 av. J.-C. Le peu de mentions faites dans les \u00e9crits de C\u00e9sar de ces \u00ab &hellip; <\/p>\n<p class=\"link-more\"><a href=\"https:\/\/blogs.univ-jfc.fr\/vphn\/histoire-locale\/les-rutenes-2021\/les-rutenes-provinciaux\/\" class=\"more-link\">Continuer la lecture<span class=\"screen-reader-text\"> de &laquo;&nbsp;Les Rut\u00e8nes \u00ab\u00a0provinciaux\u00a0\u00bb&nbsp;&raquo;<\/span><\/a><\/p>\n","protected":false},"author":760,"featured_media":0,"parent":7879,"menu_order":0,"comment_status":"closed","ping_status":"closed","template":"","meta":[],"_links":{"self":[{"href":"https:\/\/blogs.univ-jfc.fr\/vphn\/wp-json\/wp\/v2\/pages\/9253"}],"collection":[{"href":"https:\/\/blogs.univ-jfc.fr\/vphn\/wp-json\/wp\/v2\/pages"}],"about":[{"href":"https:\/\/blogs.univ-jfc.fr\/vphn\/wp-json\/wp\/v2\/types\/page"}],"author":[{"embeddable":true,"href":"https:\/\/blogs.univ-jfc.fr\/vphn\/wp-json\/wp\/v2\/users\/760"}],"replies":[{"embeddable":true,"href":"https:\/\/blogs.univ-jfc.fr\/vphn\/wp-json\/wp\/v2\/comments?post=9253"}],"version-history":[{"count":4,"href":"https:\/\/blogs.univ-jfc.fr\/vphn\/wp-json\/wp\/v2\/pages\/9253\/revisions"}],"predecessor-version":[{"id":9257,"href":"https:\/\/blogs.univ-jfc.fr\/vphn\/wp-json\/wp\/v2\/pages\/9253\/revisions\/9257"}],"up":[{"embeddable":true,"href":"https:\/\/blogs.univ-jfc.fr\/vphn\/wp-json\/wp\/v2\/pages\/7879"}],"wp:attachment":[{"href":"https:\/\/blogs.univ-jfc.fr\/vphn\/wp-json\/wp\/v2\/media?parent=9253"}],"curies":[{"name":"wp","href":"https:\/\/api.w.org\/{rel}","templated":true}]}}