{"id":9324,"date":"2021-02-27T19:58:27","date_gmt":"2021-02-27T18:58:27","guid":{"rendered":"http:\/\/blogs.univ-jfc.fr\/vphn\/?page_id=9324"},"modified":"2021-03-18T10:01:51","modified_gmt":"2021-03-18T09:01:51","slug":"le-chateau-de-foix-2021","status":"publish","type":"page","link":"https:\/\/blogs.univ-jfc.fr\/vphn\/patrimoine-et-sites-remarquables\/le-chateau-de-foix-2021\/","title":{"rendered":"Le ch\u00e2teau de Foix [2021]"},"content":{"rendered":"\n<div class=\"wp-block-image\"><figure class=\"alignright size-large is-resized\"><img loading=\"lazy\" src=\"https:\/\/blogs.univ-jfc.fr\/vphn\/wp-content\/uploads\/sites\/65\/2021\/02\/Chateau_Foix-01-1024x683.jpg\" alt=\"\" class=\"wp-image-9332\" width=\"378\" height=\"252\" srcset=\"https:\/\/blogs.univ-jfc.fr\/vphn\/wp-content\/uploads\/sites\/65\/2021\/02\/Chateau_Foix-01-1024x683.jpg 1024w, https:\/\/blogs.univ-jfc.fr\/vphn\/wp-content\/uploads\/sites\/65\/2021\/02\/Chateau_Foix-01-300x200.jpg 300w, https:\/\/blogs.univ-jfc.fr\/vphn\/wp-content\/uploads\/sites\/65\/2021\/02\/Chateau_Foix-01-768x512.jpg 768w, https:\/\/blogs.univ-jfc.fr\/vphn\/wp-content\/uploads\/sites\/65\/2021\/02\/Chateau_Foix-01.jpg 1200w\" sizes=\"(max-width: 378px) 100vw, 378px\" \/><figcaption>Photo repr\u00e9sentant une vue ext\u00e9rieur du ch\u00e2teau de Foix. L&rsquo;auteur de la photo est inconnu.  <\/figcaption><\/figure><\/div>\n\n\n\n<p>Dans la ville de Foix, se dresse un piton rocheux o\u00f9 fut \u00e9tabli un ch\u00e2teau riche sur le plan architectural, politique ou encore religieux.&nbsp;<\/p>\n\n\n\n<p><\/p>\n\n\n\n<p>Bien qu\u2019il ne soit pas \u00e0 exclure l\u2019existence d\u2019un site fortifi\u00e9 \u00e0 une \u00e9poque ant\u00e9rieure, c\u2019est vraiment au XIe si\u00e8cle que le ch\u00e2teau est pour la premi\u00e8re fois mentionn\u00e9 dans le testament du comte de Carcassonne, Roger-le-Vieux. Ce dernier partage ses domaines entre ses fils ; le comt\u00e9 de Foix revient \u00e0 Bernard-Roger devenant ainsi le premier comte de ces terres.&nbsp;<\/p>\n\n\n\n<div class=\"wp-block-image\"><figure class=\"alignleft size-large is-resized\"><img loading=\"lazy\" src=\"https:\/\/blogs.univ-jfc.fr\/vphn\/wp-content\/uploads\/sites\/65\/2021\/02\/Leo-710x1024.jpg\" alt=\"\" class=\"wp-image-9335\" width=\"293\" height=\"423\" srcset=\"https:\/\/blogs.univ-jfc.fr\/vphn\/wp-content\/uploads\/sites\/65\/2021\/02\/Leo-710x1024.jpg 710w, https:\/\/blogs.univ-jfc.fr\/vphn\/wp-content\/uploads\/sites\/65\/2021\/02\/Leo-208x300.jpg 208w, https:\/\/blogs.univ-jfc.fr\/vphn\/wp-content\/uploads\/sites\/65\/2021\/02\/Leo-768x1108.jpg 768w, https:\/\/blogs.univ-jfc.fr\/vphn\/wp-content\/uploads\/sites\/65\/2021\/02\/Leo-1065x1536.jpg 1065w, https:\/\/blogs.univ-jfc.fr\/vphn\/wp-content\/uploads\/sites\/65\/2021\/02\/Leo.jpg 1224w\" sizes=\"(max-width: 293px) 100vw, 293px\" \/><figcaption>Arbre g\u00e9n\u00e9alogique des comtes de Foix r\u00e9alis\u00e9 par C.P Pailh\u00e8s, le directeur des Archives D\u00e9partementales de l&rsquo;Ari\u00e8ge. <\/figcaption><\/figure><\/div>\n\n\n\n<p class=\"justification-texte\">Le ch\u00e2teau est construit sur le mod\u00e8le des ch\u00e2teaux pyr\u00e9n\u00e9ens.&nbsp; Cependant, sa grande particularit\u00e9 fut ses modifications d\u00e9fensives au fil des si\u00e8cles gr\u00e2ce aux nouvelles innovations militaires. La construction du ch\u00e2teau fut accompagn\u00e9e par l\u2019\u00e9dification d\u2019une enceinte. Une deuxi\u00e8me muraille fut b\u00e2tie englobant le donjon, la tour Nord et le b\u00e2timent central. On construisit \u00e9galement une barbacane, appel\u00e9e \u00ab barbacane de Fouichet \u00bb au sud du ch\u00e2teau. La d\u00e9fense \u00e9tait donc le r\u00f4le principal du ch\u00e2teau et celui-ci a parfaitement rempli son but car il \u00e9tait reconnu dans la r\u00e9gion pour n\u2019avoir presque jamais \u00e9t\u00e9 pris par la force.&nbsp;<\/p>\n\n\n\n<p>Outre son utilit\u00e9 d\u00e9fensive, le ch\u00e2teau de Foix \u00e9tait aussi un lieu d\u2019habitation pour les comtes de la r\u00e9gion.&nbsp;<\/p>\n\n\n\n<p>Le plus illustre d\u2019entre eux est sans doute <a href=\"https:\/\/www.herodote.net\/Un_chevalier_dans_la_guerre_de_Cent_Ans-synthese-2832-45.php\">Gaston III dit F\u00e9bus<\/a> de Foix B\u00e9arn. Il entreprend en 1370 de grands travaux sur ses terres et notamment au ch\u00e2teau de&nbsp; Foix pour lutter contre d\u2019\u00e9ventuels conflits que pourrait engendrer la guerre de Cent Ans.&nbsp;<\/p>\n\n\n\n<div class=\"wp-block-image\"><figure class=\"alignright size-large is-resized\"><img loading=\"lazy\" src=\"http:\/\/blogs.univ-jfc.fr\/vphn\/wp-content\/uploads\/sites\/65\/2021\/02\/GastonPhoebusChPau.jpg\" alt=\"\" class=\"wp-image-9387\" width=\"181\" height=\"333\" srcset=\"https:\/\/blogs.univ-jfc.fr\/vphn\/wp-content\/uploads\/sites\/65\/2021\/02\/GastonPhoebusChPau.jpg 489w, https:\/\/blogs.univ-jfc.fr\/vphn\/wp-content\/uploads\/sites\/65\/2021\/02\/GastonPhoebusChPau-163x300.jpg 163w\" sizes=\"(max-width: 181px) 100vw, 181px\" \/><figcaption>Statue de Gaston III situ\u00e9e \u00e0 l&rsquo;ext\u00e9rieur du ch\u00e2teau de Pau, la date et l&rsquo;auteur sont tous deux inconnues.  <\/figcaption><\/figure><\/div>\n\n\n\n<p>En 1434, les comtes de Foix deviennent roi de Navarre gr\u00e2ce \u00e0 l\u2019alliance matrimoniale de Gaston IV de Foix-B\u00e9arn et d&rsquo;El\u00e9onore I\u00e8re de Navarre. En 1572, lorsque le roi de Navarre, Henri III, devient roi de France sous le nom d\u2019Henri IV, la Navarre et donc le comt\u00e9 de Foix sont rattach\u00e9s au royaume de France. C\u2019est \u00e0 cette \u00e9poque que le ch\u00e2teau devient un foyer du protestantisme.<\/p>\n\n\n\n<p>Cette conversion au protestantisme n\u2019a pas \u00e9t\u00e9 la premi\u00e8re \u201ch\u00e9r\u00e9sie\u201d en terre fux\u00e9enne ; trois si\u00e8cles auparavant, une autre h\u00e9r\u00e9sie \u00e9tait pr\u00e9sente : le <a href=\"https:\/\/www.herodote.net\/Les_Cathares-synthese-97.php\">catharisme<\/a>. En effet, \u00e0 la fin du XIIe si\u00e8cle, l\u2019\u00c9glise catholique riche et puissante coexiste avec cette deuxi\u00e8me religion plus attach\u00e9e \u00e0 la spiritualit\u00e9.&nbsp;<\/p>\n\n\n\n<p>Le comt\u00e9 de Foix adh\u00e9ra \u00e0 l&rsquo;h\u00e9r\u00e9sie cathare et en fut l\u2019un des plus \u00e9nergiques d\u00e9fenseurs. <a href=\"https:\/\/blogs.univ-jfc.fr\/vphn\/figures-et-evenements\/simon-iv-de-montfort-2017\/\" data-type=\"URL\" data-id=\"https:\/\/blogs.univ-jfc.fr\/vphn\/figures-et-evenements\/simon-iv-de-montfort-2017\/\">Simon de Montfort<\/a> entra dans cette r\u00e9gion pour diriger la r\u00e9pression sanglante contre les cathares dans le Midi. Le ch\u00e2teau r\u00e9sista toujours \u00e0 l\u2019assaut des crois\u00e9s mais finit par \u00eatre donn\u00e9 en gage au l\u00e9gat du pape en 1214. Celui-ci le remit \u00e0 Simon de Montfort qui le garda jusqu\u2019\u00e0 sa mort en 1218.<\/p>\n\n\n\n<p>Apr\u00e8s la croisade, la stabilit\u00e9 religieuse n\u2019est rest\u00e9e dans le comt\u00e9 de Foix que pendant trois si\u00e8cles jusqu\u2019\u00e0 l&rsquo;arriv\u00e9e du protestantisme.&nbsp;<\/p>\n\n\n\n<p class=\"justification-texte\">Le <a href=\"https:\/\/www.larousse.fr\/encyclopedie\/divers\/protestantisme\/83790\">protestantisme<\/a> s\u2019est vite r\u00e9pandu en Ari\u00e8ge au d\u00e9triment du christianisme ayant pour cons\u00e9quence des massacres dans le territoire. Un apaisement a eu lieu lorsque Henri IV est devenu roi. Cependant, cette paix a cess\u00e9 au couronnement de Louis XIII qui a r\u00e9voqu\u00e9 l\u2019<a href=\"https:\/\/blogs.univ-jfc.fr\/vphn\/ledit-de-nantes\/\">\u00c9dit de Nantes<\/a>, \u00c9dit reconnaissant le protestantisme. En outre, pour anticiper toutes \u00e9ventuelles r\u00e9voltes Louis XIII a fait amener des canons \u00e0 Foix. Ce sera d\u2019ailleurs cette arm\u00e9e qui chassera d\u00e9finitivement les protestants de la r\u00e9gion.<\/p>\n\n\n\n<p>Si vous souhaitez approfondir le sujet, une <a href=\"https:\/\/blogs.univ-jfc.fr\/vphn\/?page_id=9346&amp;preview=true\">bibliographie<\/a> traitant du sujet est disponible. <\/p>\n\n\n\n<p><\/p>\n\n\n\n<p>Lucas Giovanolla, Luca Ladowicht<\/p>\n","protected":false},"excerpt":{"rendered":"<p>Dans la ville de Foix, se dresse un piton rocheux o\u00f9 fut \u00e9tabli un ch\u00e2teau riche sur le plan architectural, politique ou encore religieux.&nbsp; Bien qu\u2019il ne soit pas \u00e0 exclure l\u2019existence d\u2019un site fortifi\u00e9 \u00e0 une \u00e9poque ant\u00e9rieure, c\u2019est vraiment au XIe si\u00e8cle que le ch\u00e2teau est pour la premi\u00e8re fois mentionn\u00e9 dans le &hellip; <\/p>\n<p class=\"link-more\"><a href=\"https:\/\/blogs.univ-jfc.fr\/vphn\/patrimoine-et-sites-remarquables\/le-chateau-de-foix-2021\/\" class=\"more-link\">Continuer la lecture<span class=\"screen-reader-text\"> de &laquo;&nbsp;Le ch\u00e2teau de Foix [2021]&nbsp;&raquo;<\/span><\/a><\/p>\n","protected":false},"author":715,"featured_media":0,"parent":30,"menu_order":0,"comment_status":"closed","ping_status":"closed","template":"","meta":[],"_links":{"self":[{"href":"https:\/\/blogs.univ-jfc.fr\/vphn\/wp-json\/wp\/v2\/pages\/9324"}],"collection":[{"href":"https:\/\/blogs.univ-jfc.fr\/vphn\/wp-json\/wp\/v2\/pages"}],"about":[{"href":"https:\/\/blogs.univ-jfc.fr\/vphn\/wp-json\/wp\/v2\/types\/page"}],"author":[{"embeddable":true,"href":"https:\/\/blogs.univ-jfc.fr\/vphn\/wp-json\/wp\/v2\/users\/715"}],"replies":[{"embeddable":true,"href":"https:\/\/blogs.univ-jfc.fr\/vphn\/wp-json\/wp\/v2\/comments?post=9324"}],"version-history":[{"count":19,"href":"https:\/\/blogs.univ-jfc.fr\/vphn\/wp-json\/wp\/v2\/pages\/9324\/revisions"}],"predecessor-version":[{"id":9836,"href":"https:\/\/blogs.univ-jfc.fr\/vphn\/wp-json\/wp\/v2\/pages\/9324\/revisions\/9836"}],"up":[{"embeddable":true,"href":"https:\/\/blogs.univ-jfc.fr\/vphn\/wp-json\/wp\/v2\/pages\/30"}],"wp:attachment":[{"href":"https:\/\/blogs.univ-jfc.fr\/vphn\/wp-json\/wp\/v2\/media?parent=9324"}],"curies":[{"name":"wp","href":"https:\/\/api.w.org\/{rel}","templated":true}]}}