{"id":9366,"date":"2021-02-27T20:04:49","date_gmt":"2021-02-27T19:04:49","guid":{"rendered":"http:\/\/blogs.univ-jfc.fr\/vphn\/?page_id=9366"},"modified":"2021-02-28T19:34:37","modified_gmt":"2021-02-28T18:34:37","slug":"bibliographie-les-rutenes","status":"publish","type":"page","link":"https:\/\/blogs.univ-jfc.fr\/vphn\/histoire-locale\/les-rutenes-2021\/bibliographie-les-rutenes\/","title":{"rendered":"Bibliographie : Les Rut\u00e8nes"},"content":{"rendered":"\n<p>\u2022 <strong>OUVRAGES G\u00c9N\u00c9RAUX :<\/strong><\/p>\n\n\n\n<p>Bouet A., <em>La Gaule Aquitaine<\/em>, Paris, 2015.&nbsp;<\/p>\n\n\n\n<p>Buchsenshutz O., <em>L&rsquo;Europe celtique \u00e0 l&rsquo;\u00e2ge du Fer VIIIe<\/em> <em>&#8211; Ier<\/em> <em>si\u00e8cle<\/em>, Paris, 2015.&nbsp;<\/p>\n\n\n\n<p>Delaplace C., France J. (dir.), <em>Histoire des Gaules; VIe si\u00e8cle av J.-C.- VIe si\u00e8cle ap J.-C.<\/em>, Paris,&nbsp; 2016.&nbsp;<\/p>\n\n\n\n<p>Ferdi\u00e8re A., <em>Les Gaules; IIe s.av J.-C.- Ve s.ap J.-C, <\/em>Paris, 2006.&nbsp;<\/p>\n\n\n\n<p>Olivier L., <em>Le pays des Celtes, M\u00e9moires de la Gaule<\/em>, Paris, 2018.&nbsp;-Venceslas K., <em>Les celtes, Histoire et Dictionnaire des origines \u00e0 la romanisation et au&nbsp; christianisme<\/em>, Paris, 2000.&nbsp;<\/p>\n\n\n\n<p>\u2022 <strong>OUVRAGES SPECIALISES :<\/strong><\/p>\n\n\n\n<p>Arbabe E., <em>La politique des Gaulois, vie politique et institutions en Gaule chevelue ( IIe s.av J.-C 70 av J.-C.)<\/em>, Paris, 2017.&nbsp;<\/p>\n\n\n\n<p>Coulon G., <em>Les voies romaines en Gaule<\/em>, Arles, 2019.&nbsp;<\/p>\n\n\n\n<p>Corbier M. (dir.), <em>L\u2019ann\u00e9e \u00e9pigraphique 2010\/2011 (ann\u00e9e 2007), <\/em>Paris, 2007, pp. 343-380.&nbsp;<\/p>\n\n\n\n<p>Gruat P., Pailler J-M., Schaad D. (dir.), <em>Les Rut\u00e8nes; du peuple \u00e0 la cit\u00e9 de l\u2019ind\u00e9pendance \u00e0&nbsp; l\u2019installation dans le cadre romain 150 aC- 100 pC, <\/em>Aveyron, 2007.&nbsp;<\/p>\n\n\n\n<p>Gruel K., Goddand C., Buchsenshutz O. (dir.), <em>R\u00e9inventer les Celtes<\/em>, Paris, 2019. -Lamoine L., <em>Le pouvoir local en Gaule Romaine<\/em>, Clermont-Ferrand, 2009.&nbsp;&nbsp;<\/p>\n\n\n\n<p>Malrain F., Matterne V., M\u00e9niel P. (dir.), <em>Les paysans Gaulois ( IIIe si\u00e8cle av J.-C &#8211; 52 av J.-C.)<\/em>,&nbsp; Paris, 2002.&nbsp;<\/p>\n\n\n\n<p>Ouzoulias P., Tranoy L. (dir.), <em>Comment les Gaules devinrent romaines, <\/em>Paris, 2010. <\/p>\n\n\n\n<p>Py M., <em>Les Gaulois du Midi, de la fin de l\u2019\u00e2ge du Bronze \u00e0 la conqu\u00eate romaine, <\/em>Paris, 2012.&nbsp;<\/p>\n\n\n\n<p>Pailler J-M., <em>Tolosa; Nouvelles recherches sur Toulouse et son territoire dans l\u2019Antiquit\u00e9<\/em>, Toulouse, 2002.&nbsp;<\/p>\n\n\n\n<p>R\u00e9ney B., <em>Les femmes en Gaule Romaine Ier si\u00e8cle av J.-C \u2013 V\u00e8me ap J.-C., <\/em>Paris, 2009.<\/p>\n\n\n\n<p>\u2022 <strong>ATLAS :&nbsp;&nbsp;<\/strong><\/p>\n\n\n\n<p>Bedon R., <em>Atlas des villes, Bourgs, villages de France au pass\u00e9 Romain, <\/em>Paris, 2001. <\/p>\n\n\n\n<p>Haywood J., <em>Atlas historique des Celtes<\/em>, Paris, 2002.<\/p>\n\n\n\n<p><\/p>\n\n\n\n<p><a href=\"https:\/\/www.persee.fr\/doc\/sracf_1159-7151_2009_act_35_1_1422\" data-type=\"URL\" data-id=\"https:\/\/www.persee.fr\/doc\/sracf_1159-7151_2009_act_35_1_1422\">Pour aller plus loin&#8230;<\/a><\/p>\n","protected":false},"excerpt":{"rendered":"<p>\u2022 OUVRAGES G\u00c9N\u00c9RAUX : Bouet A., La Gaule Aquitaine, Paris, 2015.&nbsp; Buchsenshutz O., L&rsquo;Europe celtique \u00e0 l&rsquo;\u00e2ge du Fer VIIIe &#8211; Ier si\u00e8cle, Paris, 2015.&nbsp; Delaplace C., France J. (dir.), Histoire des Gaules; VIe si\u00e8cle av J.-C.- VIe si\u00e8cle ap J.-C., Paris,&nbsp; 2016.&nbsp; Ferdi\u00e8re A., Les Gaules; IIe s.av J.-C.- Ve s.ap J.-C, Paris, 2006.&nbsp; &hellip; <\/p>\n<p class=\"link-more\"><a href=\"https:\/\/blogs.univ-jfc.fr\/vphn\/histoire-locale\/les-rutenes-2021\/bibliographie-les-rutenes\/\" class=\"more-link\">Continuer la lecture<span class=\"screen-reader-text\"> de &laquo;&nbsp;Bibliographie : Les Rut\u00e8nes&nbsp;&raquo;<\/span><\/a><\/p>\n","protected":false},"author":760,"featured_media":0,"parent":7879,"menu_order":0,"comment_status":"closed","ping_status":"closed","template":"","meta":[],"_links":{"self":[{"href":"https:\/\/blogs.univ-jfc.fr\/vphn\/wp-json\/wp\/v2\/pages\/9366"}],"collection":[{"href":"https:\/\/blogs.univ-jfc.fr\/vphn\/wp-json\/wp\/v2\/pages"}],"about":[{"href":"https:\/\/blogs.univ-jfc.fr\/vphn\/wp-json\/wp\/v2\/types\/page"}],"author":[{"embeddable":true,"href":"https:\/\/blogs.univ-jfc.fr\/vphn\/wp-json\/wp\/v2\/users\/760"}],"replies":[{"embeddable":true,"href":"https:\/\/blogs.univ-jfc.fr\/vphn\/wp-json\/wp\/v2\/comments?post=9366"}],"version-history":[{"count":4,"href":"https:\/\/blogs.univ-jfc.fr\/vphn\/wp-json\/wp\/v2\/pages\/9366\/revisions"}],"predecessor-version":[{"id":9460,"href":"https:\/\/blogs.univ-jfc.fr\/vphn\/wp-json\/wp\/v2\/pages\/9366\/revisions\/9460"}],"up":[{"embeddable":true,"href":"https:\/\/blogs.univ-jfc.fr\/vphn\/wp-json\/wp\/v2\/pages\/7879"}],"wp:attachment":[{"href":"https:\/\/blogs.univ-jfc.fr\/vphn\/wp-json\/wp\/v2\/media?parent=9366"}],"curies":[{"name":"wp","href":"https:\/\/api.w.org\/{rel}","templated":true}]}}