{"id":9611,"date":"2021-03-05T23:07:45","date_gmt":"2021-03-05T22:07:45","guid":{"rendered":"http:\/\/blogs.univ-jfc.fr\/vphn\/?page_id=9611"},"modified":"2021-03-05T23:07:45","modified_gmt":"2021-03-05T22:07:45","slug":"bibliographie-6","status":"publish","type":"page","link":"https:\/\/blogs.univ-jfc.fr\/vphn\/bibliographie-6\/","title":{"rendered":"Bibliographie"},"content":{"rendered":"\n<p><strong>I) D\u2019un comte b\u00e9n\u00e9ficiaire \u00e0 un comte h\u00e9r\u00e9ditaire (778 &#8211; 1092)<\/strong><\/p>\n\n\n\n<p>A &#8211; Ouvrages g\u00e9n\u00e9raux :<\/p>\n\n\n\n<ul><li>Destemberg A., <em>Atlas de la France m\u00e9di\u00e9vale : Hommes, pouvoirs et espaces du V<\/em><em><sup>e<\/sup><\/em><em> au XV<\/em><em><sup>e<\/sup><\/em><em> si\u00e8cle<\/em>, Paris, Autrement, 2017 (2020).<ul><li>Cet atlas recueille pr\u00e8s de 70 cartes et infographies tournant autour de l\u2019histoire de la France m\u00e9di\u00e9vale et comprend quatre grands chapitres : \u00ab la longue dur\u00e9e de la Gaule et le royaume des Francs, \u00bb \u00ab La f\u00e9odalit\u00e9 dans le royaume cap\u00e9tien, \u00bb \u00ab Le beau Moyen-\u00c2ge \u00bb et \u00ab L\u2019automne de la France m\u00e9di\u00e9vale. \u00bb<\/li><\/ul><\/li><\/ul>\n\n\n\n<ul><li>Poussin N., S\u00e9gard J.-F., S\u00e9villia J., <em>Une histoire in\u00e9dite de la France en 100 cartes<\/em>, Paris, Perrin, 2020.<ul><li>Cet atlas recueille plus d\u2019une centaine de cartographies sur la France et son histoire et comprend cinq chapitres : \u00ab Les origines, \u00bb \u00ab Le royaume de France, \u00bb \u00ab La nation fran\u00e7aise\u00a0\u00bb, \u00ab Les temps modernes \u00bb et \u00ab La France aujourd\u2019hui. \u00bb<\/li><\/ul><\/li><\/ul>\n\n\n\n<ul><li>Dr\u00e9villon H., Wieviorka O. (dir.), <em>Histoire militaire de la France : I. Des M\u00e9rovingiens au Second Empire<\/em>, Paris, Perrin, 2018.<ul><li>Cet ouvrage est divis\u00e9 est le premier tome de grandes recherches sur l\u2019histoire militaire de la France des M\u00e9rovingiens jusqu\u2019\u00e0 la guerre franco-prussienne. Il comprend \u00e9galement l\u2019\u00e9poque carolingienne.<\/li><\/ul><\/li><\/ul>\n\n\n\n<ul><li>Dum\u00e9zil B., <em>Des Gaulois aux Carolingiens<\/em>, Paris, Presses Universitaires de France, 2013.<ul><li>Cet ouvrage relate la construction progressive de la France, de l\u2019h\u00e9ritage du paysage gaulois \u00e0 l\u2019\u00e9mergence du monoth\u00e9isme en passant par l\u2019assimilation \u00e0 la culture et \u00e0 la langue latine de l\u2019Empire romain et ce, jusqu\u2019\u00e0 l\u2019\u00e9poque carolingienne.<\/li><\/ul><\/li><\/ul>\n\n\n\n<ul><li>Rich\u00e9 P., <em>Les Carolingiens : une famille qui fit l\u2019Europe<\/em>, Paris, Pluriel, 2012.<ul><li>Cet ouvrage raconte l\u2019ascension et l\u2019histoire de la famille des Carolingiens, la premi\u00e8re dynastie \u00e0 avoir r\u00e9unifi\u00e9 l\u2019Europe centrale apr\u00e8s la chute de l\u2019Empire romain d\u2019occident.<\/li><\/ul><\/li><\/ul>\n\n\n\n<ul><li>Rich\u00e9 P., <em>Dictionnaire des Francs : Les Carolingiens<\/em>, Paris, Bartillat, 1997.<ul><li>Cet ouvrage est le deuxi\u00e8me tome du <em>Dictionnaire des Francs<\/em> et est cette-fois ci tourn\u00e9 vers l\u2019\u00e9poque carolingienne. Il recueille les \u00e9v\u00e9nements historiques, les personnages importants et la vie citoyenne de l\u2019\u00e8re carolingienne.<\/li><\/ul><\/li><\/ul>\n\n\n\n<p>B &#8211; \u00c9tudes sp\u00e9cialis\u00e9es :<\/p>\n\n\n\n<ul><li>Calmette J., \u00ab Les comt\u00e9s et les comtes de Toulouse et Rodez sous Charles le Chauve \u00bb, <em>Annales du Midi : revue arch\u00e9ologique, historique et philologique de la France m\u00e9ridionale<\/em>, Tome 17, N\u00b065, 1905, pp. 5-26.<ul><li>Cet article s\u2019int\u00e9resse \u00e0 l\u2019\u00e9mergence des comtes de Toulouse et de Rodez sous le r\u00e8gne de Charles le chauve (823 \u2013 877), et plus particuli\u00e8rement de leur affirmation en tant que dynastie h\u00e9r\u00e9ditaire \u00e9tablie du comt\u00e9 de Toulouse.<\/li><\/ul><\/li><\/ul>\n\n\n\n<ul><li>Chaume M., \u00ab B\u00e9ranger, comte de Toulouse (817-835) \u00bb, <em>Annales du Midi : revue arch\u00e9ologique, historique et philologique de la France m\u00e9ridionale <\/em>\u00bb, Tome 52, N\u00b0205, 1940, pp. 50-73.<ul><li>Cet article s\u2019int\u00e9resse \u00e0 la vie de B\u00e9renger, comte de Toulouse de 817 jusqu\u2019\u00e0 sa mort en 835, et membre de la dynastie des Hunrochides.<\/li><\/ul><\/li><\/ul>\n\n\n\n<ul><li>D\u00e9bax H., \u00ab Les comtesses de Toulouse : notices biographiques \u00bb, <em>Annales du Midi : revue arch\u00e9ologique, historique et philologique de la France m\u00e9ridionale<\/em>, Tome 100, N\u00b0182, 1988, pp. 215-234.<ul><li>Cet article pr\u00e9sente une s\u00e9rie de petites biographies accompagn\u00e9es de notices biographiques sur toutes les comtesses connues du comt\u00e9 de Toulouse, de Cun\u00e9gonde, premi\u00e8re femme de Saint Guilhem, comte de 790 \u00e0 806, jusqu\u2019\u00e0 Jeanne, derni\u00e8re comtesse de Toulouse, n\u00e9e en 1220 et morte le 25 ao\u00fbt 1270.<\/li><\/ul><\/li><\/ul>\n\n\n\n<ul><li>D\u00e9bax H., \u00ab Strat\u00e9gies matrimoniales des comtes de Toulouse (850-1270) \u00bb, <em>Annales du Midi : revue arch\u00e9ologique, historique et philologique de la France m\u00e9ridionale<\/em>, Tome 100, N\u00b0182, 1988, pp. 131-151.<ul><li>Cet article pr\u00e9sente la strat\u00e9gie employ\u00e9e par les comtes de Toulouse (850 \u2013 1270) afin de garantir leur influence et leur pouvoir dans le sud de la France : la strat\u00e9gie matrimoniale, c\u2019est-\u00e0-dire le jeu d\u2019alliances et de mariages dans le royaume.<\/li><\/ul><\/li><\/ul>\n\n\n\n<ul><li>(De) Framond M., \u00ab La succession des comtes de Toulouse autour de l&rsquo;an mil (940-1030) : reconsid\u00e9rations \u00bb, <em>Annales du Midi : revue arch\u00e9ologique, historique et philologique de la France m\u00e9ridionale<\/em>, Tome 105, N\u00b0204, 1993. G\u00e9n\u00e9alogies m\u00e9ridionales. pp. 461-488<ul><li>Cet article s\u2019appuie notamment sur l\u2019<em>Histoire g\u00e9n\u00e9rale de Languedoc<\/em>, un ouvrage historique publi\u00e9 par des B\u00e9n\u00e9dictins et relatant la succession des comtes de Toulouse entre 940 et 1030.<\/li><\/ul><\/li><\/ul>\n\n\n\n<ul><li>Latour P., \u00ab \u00c0 propos de la comtesse Garsende : nouvelles propositions pour l&rsquo;histoire de la dynastie toulousaine au Xe si\u00e8cle \u00bb, <em>Annales du Midi : revue arch\u00e9ologique, historique et philologique de la France m\u00e9ridionale<\/em>, Tome 109, N\u00b0219-220, 1997, pp. 337-355.<ul><li>Cet article est une identification de la comtesse Garsende, femme du comte Raimond III Pons, comte de 924 \u00e0 944, dans un contexte de lutte entre les maisons Toulouse-Rouergue et de Gascogne pour le comt\u00e9 et l\u2019h\u00e9ritage dynastique.<\/li><\/ul><\/li><\/ul>\n\n\n\n<ul><li>Pradali\u00e9 G., \u00ab Les comtes de Toulouse et l\u2019Aquitaine (IXe-XIIe si\u00e8cles) \u00bb, <em>Annales du Midi : revue arch\u00e9ologique, historique et philologique de la France m\u00e9ridionale<\/em>, Tome 117, N\u00b0249, 2005, pp. 5-23.<ul><li>Cet article met en avant le lien historique entre les comtes de Toulouse et leur ambition d\u2019\u00e9tendre leur influence sur toute l\u2019Aquitaine.<\/li><\/ul><\/li><\/ul>\n\n\n\n<p><strong>II) L\u2019apog\u00e9e des raimondins (1092 &#8211; 1194)<\/strong><\/p>\n\n\n\n<p>A &#8211; Ouvrages g\u00e9n\u00e9raux :<\/p>\n\n\n\n<ul><li>Delort R. (dir.), <em>La France de l\u2019an Mil<\/em>, Paris, Le Seuil, 1990.<ul><li>Cet ouvrage pr\u00e9sente une synth\u00e8se de ce que l\u2019on sait de la vie quotidienne des habitants de la France autour de l\u2019an mil, soit la paysannerie, la noblesse, le clerg\u00e9, et la royaut\u00e9.<\/li><\/ul><\/li><\/ul>\n\n\n\n<ul><li>Destemberg A., <em>Atlas de la France m\u00e9di\u00e9vale : Hommes, pouvoirs et espaces du V<sup>e<\/sup> au XV<sup>e<\/sup> si\u00e8cle<\/em>, Paris, Autrement, 2017 (2020).<\/li><li>Cet atlas recueille pr\u00e8s de 70 cartes et infographies tournant autour de l\u2019histoire de la France m\u00e9di\u00e9vale et comprend quatre grands chapitres : \u00ab la longue dur\u00e9e de la Gaule et le royaume des Francs, \u00bb \u00ab La f\u00e9odalit\u00e9 dans le royaume cap\u00e9tien, \u00bb \u00ab Le beau Moyen-\u00c2ge \u00bb et \u00ab L\u2019automne de la France m\u00e9di\u00e9vale. \u00bb<\/li><\/ul>\n\n\n\n<ul><li>Poussin N., S\u00e9gard J.-F., S\u00e9villia J., <em>Une histoire in\u00e9dite de la France en 100 cartes<\/em>, Paris, Perrin, 2020.<\/li><li>L\u2019apport majeur de ce livre de grand format, est la succession de cartes qui nous montrent imm\u00e9diatement comment a \u00e9volu\u00e9 la g\u00e9ographie politique du pays, avec des l\u00e9gendes tr\u00e8s claires et des couleurs parfaitement rendues.<\/li><\/ul>\n\n\n\n<ul><li>Bois G., <em>Crise du f\u00e9odalisme<\/em>, Paris, Presse de Science Po, 1976.<\/li><li>Cet ouvrage r\u00e9sume bien tr\u00e8s bien l\u2019\u00e9conomie paysanne et est une contribution importante au retracements de l\u2019\u00e9volution du f\u00e9odalisme jusqu\u2019\u00e0 sa crise finale qui entra\u00eenera la naissance du capitalisme.\u00a0<\/li><\/ul>\n\n\n\n<ul><li>Dr\u00e9villon H., Wieviorka O. (dir.), <em>Histoire militaire de la France : I. Des M\u00e9rovingiens au Second Empire<\/em>, Paris, Perrin, 2018.<\/li><li>Cet ouvrage commence aux temps des M\u00e9rovingiens et finit \u00e0 la guerre franco-prussienne de 1870. L\u2019auteur pense le rapport de la guerre avec la politique et la soci\u00e9t\u00e9 dans son ensemble, en r\u00e9fl\u00e9chissant sur la strat\u00e9gies et la tactique et s\u2019attarde sur la r\u00e9alit\u00e9 du combat, l\u2019armement,\u00a0 la violence de guerre et son impositions aux civils.<\/li><\/ul>\n\n\n\n<ul><li>Rials S. (dir.), <em>Le miracle cap\u00e9tien<\/em>, Paris, Perrin, 1987.<\/li><li>Cet ouvrage retrace les 800 ans de r\u00e8gne de la maison des Cap\u00e9tiens, \u00e0 partir du r\u00e8gne de\u00a0 Hugues Ier Capet. Il y raconte ses succ\u00e8s dans les secteurs \u00e9conomique, diplomatique et militaire, comme ses d\u00e9boires.<\/li><\/ul>\n\n\n\n<ul><li>Frankopan P., <em>La premi\u00e8re croisade : L\u2019appel de l\u2019Orient<\/em>,<em> <\/em>Paris, Les belles lettres, 2012 (2019). (Traduit de l\u2019anglais par Haas P.)<\/li><li>Aborde la premi\u00e8re croisade mais avec le regard byzantin \u00e0 partir des sources grecques longtemps ignor\u00e9es.<\/li><\/ul>\n\n\n\n<ul><li>Heers J., <em>Histoires des croisades<\/em>, Paris Perrin, 2014.<\/li><li>L\u2019auteur fait un tableau recouvrant de mani\u00e8re synth\u00e9tique tous les aspects li\u00e9es aux croisades\u00a0<\/li><\/ul>\n\n\n\n<p>B &#8211; \u00c9tudes sp\u00e9cialis\u00e9es :<\/p>\n\n\n\n<ul><li>Crub\u00e9zy E., Dieulafait C., <em>Le comte de l\u2019An Mil<\/em>, Talence, Aquitania, 1996.<ul><li>Cet article aborde les comtes de Toulouse du Xe au XIe si\u00e8cle et retrace du mieux possible les aspects de leur vie, en mettant en lumi\u00e8re le manque de documentation et de t\u00e9moignage \u00e0 leur sujet, ayant g\u00e9n\u00e9ralement \u00e9t\u00e9 \u00e9crits bien apr\u00e8s leur mort.<\/li><\/ul><\/li><\/ul>\n\n\n\n<ul><li>(De) Gorsse P., <em>Les Grandes heures de Toulouse<\/em>, Paris, Perrin, 1978.<\/li><li>L\u2019auteur fait un fait un r\u00e9sum\u00e9 de l\u2019histoire de la ville de Toulouse des origines, jusqu\u2019au XIXe si\u00e8cle.<\/li><\/ul>\n\n\n\n<ul><li>Mac\u00e9 L., <em>Les comtes de Toulouse et leur entourage XIIe-XIIIe si\u00e8cles<\/em>, Toulouse, Privat, 2000.<\/li><li>Cet ouvrage tente de retracer l\u2019histoire de tous les comtes de Toulouse connus et de leur entourage, malgr\u00e9 le manque de sources languedociennes. Cet entourage, bien que peu connu des historiens, y est tout de m\u00eame bien d\u00e9taill\u00e9.<\/li><\/ul>\n\n\n\n<ul><li>D\u00e9jean J.-L., <em>Quand chevauchaient les comtes de Toulouse : 1050-1250<\/em>, Paris, Fayard, 1978.<ul><li>Cet ouvrage pr\u00e9sente la p\u00e9riode durant laquelle les comtes de Toulouse se sont succ\u00e9d\u00e9 entre 1050 et 1250 de fa\u00e7on bien plus fr\u00e9quente que par le pass\u00e9. Ces comtes avaient tous un objectif : unifier le comt\u00e9 de Toulouse et s\u2019\u00e9tendre vers la Provence et Barcelone.<\/li><\/ul><\/li><\/ul>\n\n\n\n<ul><li>Bousquet J., \u00ab I. La donation de S\u00e9gur par Raymond de Saint-Gilles, comte de Toulouse, \u00e0 l&rsquo;\u00e9glise du Puy-en-Velay (1096) \u00bb, <em>Annales du Midi : revue arch\u00e9ologique, historique et philologique de la France m\u00e9ridionale<\/em>, Tome 74, N\u00b057, 1962, pp. 65-70.\u00a0<\/li><li>Cet article scientifique explique les impacts de la donation de S\u00e9gur par Raymond de Saint-Gilles \u00e0 l\u2019\u00e9glise du Puy-en-Velay en recoupant divers sources de l\u2019\u00e9poque faisant part \u00e0 cette donation.<\/li><\/ul>\n\n\n\n<ul><li>D\u00e9bax H., \u00ab Les comtesses de Toulouse : notices biographiques \u00bb, <em>Annales du Midi : revue arch\u00e9ologique, historique et philologique de la France m\u00e9ridionale<\/em>, Tome 100, N\u00b0182, 1988, pp. 215-234.<ul><li>Cet article est tir\u00e9 des <em>Annales du Midi : revue arch\u00e9ologique, historique et philologique de la France m\u00e9ridionale<\/em> et pr\u00e9sente une s\u00e9rie de petites biographies accompagn\u00e9es de notices biographiques sur toutes les comtesses connues du comt\u00e9 de Toulouse, de Cun\u00e9gonde, premi\u00e8re femme de Saint Guilhem, comte de 790 \u00e0 806, jusqu\u2019\u00e0 Jeanne, derni\u00e8re comtesse de Toulouse, n\u00e9e en 1220 et morte le 25 ao\u00fbt 1270.<\/li><\/ul><\/li><\/ul>\n\n\n\n<ul><li>D\u00e9bax H., \u00ab Strat\u00e9gies matrimoniales des comtes de Toulouse (850-1270) \u00bb, <em>Annales du Midi : revue arch\u00e9ologique, historique et philologique de la France m\u00e9ridionale<\/em>, Tome 100, N\u00b0182, 1988, pp. 131-151.<ul><li>Cet article est tir\u00e9 des Annales du Midi : revue arch\u00e9ologique, historique et philologique de la France m\u00e9ridionale et pr\u00e9sente la strat\u00e9gie employ\u00e9e par les comtes de Toulouse (850 \u2013 1270) afin de garantir leur influence et leur pouvoir dans le sud de la France : la strat\u00e9gie matrimoniale, c\u2019est-\u00e0-dire le jeu d\u2019alliances et de mariages dans le royaume.<\/li><\/ul><\/li><\/ul>\n\n\n\n<ul><li>Hill J. H., Hill L, \u00ab Justification historique du titre de Saint-Gilles : \u201cChristiane Milicie excellentissimus princeps\u201d \u00bb, <em>Annales du Midi : revue arch\u00e9ologique, historique et philologique de la France m\u00e9ridionale<\/em>, Tome 66, N\u00b026, 1954. pp. 101-112.<ul><li>Les auteurs se concentrent sur les relations qu&rsquo;entretiennent Raymond IV de Saint-Gilles et l\u2019Eglise et mettent en lumi\u00e8re comment malgr\u00e9 des tensions pass\u00e9es avec l\u2019Eglise, le plus c\u00e9l\u00e8bre des Raimondins parvient \u00e0 incarner l\u2019image d\u2019un serviteur de Dieu mod\u00e8le.<\/li><\/ul><\/li><\/ul>\n\n\n\n<ul><li>Pradali\u00e9 G., \u00ab Les comtes de Toulouse et l\u2019Aquitaine (IXe-XIIe si\u00e8cles) \u00bb, <em>Annales du Midi : revue arch\u00e9ologique, historique et philologique de la France m\u00e9ridionale<\/em>, Tome 117, N\u00b0249, 2005, pp. 5-23.<\/li><li>Cet article est tir\u00e9 des <em>Annales du Midi<\/em> <em>: revue arch\u00e9ologique, historique et philologique de la France m\u00e9ridionale<\/em> et met en avant le lien historique entre les comtes de Toulouse et leur ambition d\u2019\u00e9tendre leur influence sur toute l\u2019Aquitaine.<\/li><\/ul>\n\n\n\n<ul><li>Zerner M., \u00ab Le comte de Toulouse Raymond IV chef de peuple \u00bb, <em>Gen\u00e8se de l&rsquo;\u00c9tat moderne en M\u00e9diterran\u00e9e. Approches historiques et anthropologiques des pratiques et des repr\u00e9sentations. Actes des tables rondes internationales tenues \u00e0 Paris (24-26 septembre 1987 et 18-19 mars 1988) <\/em>\u00bb, Rome, \u00c9cole Fran\u00e7aise de Rome, 1993, pp. 45-60.<ul><li>L\u2019auteur \u00e9voque dans ce colloque les particularit\u00e9s de la croisade de Raymond IV qui par sa protection permet \u00e0 des pauvres d\u2019arriver en terres saintes contrairement aux croisades populaires, mais aussi et surtout son rapport avec l\u2019empereur byzantin Alexis Comm\u00e8ne qui met en lumi\u00e8re la conception encore tr\u00e8s romaine de la mission du prince chez les pays m\u00e9ridionaux.<\/li><\/ul><\/li><\/ul>\n\n\n\n<p><strong>III. Le d\u00e9clin proggressif de l\u2019autorit\u00e9 des comtes de Toulouse (1194 &#8211; 1229)<\/strong><\/p>\n\n\n\n<p>A &#8211; Ouvrages g\u00e9n\u00e9raux :<\/p>\n\n\n\n<ul><li>Delort R. (dir.), <em>La France de l\u2019an Mil<\/em>, Paris, Le Seuil, 1990.<ul><li>Cet ouvrage pr\u00e9sente une synth\u00e8se de ce que l\u2019on sait de la vie quotidienne des habitants de la France autour de l\u2019an mil, soit la paysannerie, la noblesse, le clerg\u00e9, et la royaut\u00e9.<\/li><\/ul><\/li><\/ul>\n\n\n\n<ul><li>Destemberg A., <em>Atlas de la France m\u00e9di\u00e9vale : Hommes, pouvoirs et espaces du Ve au XVe si\u00e8cle<\/em>, Paris, Autrement, 2017 (2020).<ul><li>Cet atlas recueille pr\u00e8s de 70 cartes et infographies tournant autour de l\u2019histoire de la France m\u00e9di\u00e9vale et comprend quatre grands chapitres : \u00ab la longue dur\u00e9e de la Gaule et le royaume des Francs, \u00bb \u00ab La f\u00e9odalit\u00e9 dans le royaume cap\u00e9tien, \u00bb \u00ab Le beau Moyen-\u00c2ge \u00bb et \u00ab L\u2019automne de la France m\u00e9di\u00e9vale. \u00bb<\/li><\/ul><\/li><\/ul>\n\n\n\n<ul><li>Perez S., <em>Le Corps du roi : Incarner l\u2019\u00c9tat de Philippe Auguste \u00e0 Louis-Philippe<\/em>, Paris, Perrin, 2018.<ul><li>Cet ouvrage d\u00e9crit le r\u00f4le et l\u2019image du roi vis-\u00e0-vis de la population depuis Philippe Auguste. Il retranscrit comment le roi de France agit afin d\u2019incarner un Etat en jonglant entre proximit\u00e9 avec le peuple et r\u00e8gne divin.<\/li><\/ul><\/li><\/ul>\n\n\n\n<ul><li>Poussin N., S\u00e9gard J.-F., S\u00e9villia J., <em>Une histoire in\u00e9dite de la France en 100 cartes<\/em>, Paris, Perrin, 2020.<ul><li>Cet atlas recueille plus d\u2019une centaine de cartographies sur la France et son histoire et comprend cinq chapitres : \u00ab Les origines, \u00bb \u00ab Le royaume de France, \u00bb \u00ab La nation fran\u00e7aise \u00bb, \u00ab Les temps modernes \u00bb et \u00ab La France aujourd\u2019hui. \u00bb<\/li><\/ul><\/li><\/ul>\n\n\n\n<ul><li>Dr\u00e9villon H., Wieviorka O. (dir.), <em>Histoire militaire de la France : I. Des M\u00e9rovingiens au Second Empire<\/em>, Paris, Perrin, 2018.<ul><li>Cet ouvrage est le premier tome de grandes recherches sur l\u2019histoire militaire de la France des M\u00e9rovingiens jusqu\u2019\u00e0 la guerre franco-prussienne. Il comprend \u00e9galement l\u2019\u00e9poque carolingienne.<\/li><\/ul><\/li><\/ul>\n\n\n\n<ul><li>Rials S. (dir.), <em>Le miracle cap\u00e9tien<\/em>, Paris, Perrin, 1987.<ul><li>Cet ouvrage retrace les 800 ans de r\u00e8gne de la maison des Cap\u00e9tiens, \u00e0 partir du r\u00e8gne de Hugues Ier Capet. Il y raconte ses succ\u00e8s dans les secteurs \u00e9conomique, diplomatique et militaire, comme ses d\u00e9boires.<\/li><\/ul><\/li><\/ul>\n\n\n\n<p>B &#8211; \u00c9tudes sp\u00e9cialis\u00e9es :<\/p>\n\n\n\n<ul><li>Mac\u00e9 L., <em>Les comtes de Toulouse et leur entourage XIIe-XIIIe si\u00e8cles<\/em>, Toulouse, Privat, 2000.<ul><li>Cet ouvrage tente de retracer l\u2019histoire de tous les comtes de Toulouse connus et de leur entourage, malgr\u00e9 le manque de sources languedociennes. Cet entourage, bien que peu connu des historiens, y est tout de m\u00eame bien d\u00e9taill\u00e9.<\/li><\/ul><\/li><\/ul>\n\n\n\n<ul><li>Roquebert (Michel). <em>Simon de Montfort : bourreau et martyr<\/em>, 2010.<ul><li>Cet ouvrage pr\u00e9sente la vie d\u2019un des personnages les plus tristement c\u00e9l\u00e8bre du Moyen-\u00c2ge : Simon de Montfort (1160 \u2013 1218), un chevalier multiple vicomte qui participa \u00e0 la croisade contre les h\u00e9r\u00e9tiques cathares jusqu\u2019\u00e0 sa mort pendant le si\u00e8ge de Toulouse.<\/li><\/ul><\/li><\/ul>\n\n\n\n<ul><li>D\u00e9jean J.-L., <em>Quand chevauchaient les comtes de Toulouse : 1050-1250<\/em>, Paris, Fayard, 1978.<ul><li>Cet ouvrage pr\u00e9sente la p\u00e9riode durant laquelle les comtes de Toulouse se sont succ\u00e9d\u00e9 entre 1050 et 1250 de fa\u00e7on bien plus fr\u00e9quente que par le pass\u00e9. Ces comtes avaient tous un objectif : unifier le comt\u00e9 de Toulouse et s\u2019\u00e9tendre vers la Provence et Barcelone.<\/li><\/ul><\/li><\/ul>\n\n\n\n<ul><li>Cazes J.-P., \u00ab Structures agraires et domaine comtal dans la bailie de Castelnaudary en 1272. \u00bb, <em>Annales du Midi : revue arch\u00e9ologique, historique et philologique de la France m\u00e9ridionale<\/em>, Tome 99, N\u00b0180, 1987, pp. 453-477.<ul><li>Cet article est tir\u00e9 des Annales du Midi : revue arch\u00e9ologique, historique et philologique de la France m\u00e9ridionale et est bas\u00e9 sur le Liber Reddituum, se concentrant sur les revenus du comt\u00e9 de Toulouse, et plus pr\u00e9cis\u00e9ment de la bailie de Castelnaudary.<\/li><\/ul><\/li><\/ul>\n\n\n\n<ul><li>D\u00e9bax H., \u00ab Les comtesses de Toulouse : notices biographiques \u00bb, <em>Annales du Midi : revue arch\u00e9ologique, historique et philologique de la France m\u00e9ridionale<\/em>, Tome 100, N\u00b0182, 1988, pp. 215-234.<ul><li>Cet article est tir\u00e9 des <em>Annales du Midi : revue arch\u00e9ologique, historique et philologique de la France m\u00e9ridionale<\/em> et pr\u00e9sente une s\u00e9rie de petites biographies accompagn\u00e9es de notices biographiques sur toutes les comtesses connues du comt\u00e9 de Toulouse, de Cun\u00e9gonde, premi\u00e8re femme de Saint Guilhem, comte de 790 \u00e0 806, jusqu\u2019\u00e0 Jeanne, derni\u00e8re comtesse de Toulouse, n\u00e9e en 1220 et morte le 25 ao\u00fbt 1270.<\/li><\/ul><\/li><\/ul>\n\n\n\n<ul><li>D\u00e9bax H., \u00ab Strat\u00e9gies matrimoniales des comtes de Toulouse (850-1270) \u00bb, <em>Annales du Midi : revue arch\u00e9ologique, historique et philologique de la France m\u00e9ridionale<\/em>, Tome 100, N\u00b0182, 1988, pp. 131-151.<ul><li>Cet article est tir\u00e9 des Annales du Midi : revue arch\u00e9ologique, historique et philologique de la France m\u00e9ridionale et pr\u00e9sente la strat\u00e9gie employ\u00e9e par les comtes de Toulouse (850 \u2013 1270) afin de garantir leur influence et leur pouvoir dans le sud de la France : la strat\u00e9gie matrimoniale, c\u2019est-\u00e0-dire le jeu d\u2019alliances et de mariages dans le royaume.<\/li><\/ul><\/li><\/ul>\n\n\n\n<ul><li>Lamarrigue A.-M., \u00ab La Croisade albigeoise vue par Bernard Gui \u00bb, Journal des savants, 1993, n\u00b02, pp. 201-233.<ul><li>Cet article est tir\u00e9 du <em>Journal des Savants<\/em> et met en lumi\u00e8re la p\u00e9riode de la Croisade des albigeois contre l\u2019h\u00e9r\u00e9sie cathare (1209 \u2013 1229), pendant laquelle le pape Innocent III va r\u00e9unir une grande partie de la chr\u00e9tient\u00e9 catholique \u00e0 \u00e9craser le mouvement h\u00e9r\u00e9tique dans le Midi.<\/li><\/ul><\/li><\/ul>\n\n\n\n<ul><li>Loeb A., \u00ab Les relations entre les troubadours et les comtes de Toulouse (1112-1229) \u00bb, <em>Annales du Midi : revue arch\u00e9ologique, historique et philologique de la France m\u00e9ridionale<\/em>, Tome 95, N\u00b0163, 1983. pp. 225-259.<ul><li>Cet article est tir\u00e9 des <em>Annales du Midi : revue arch\u00e9ologique, historique et philologique de la France m\u00e9ridionale<\/em> et pr\u00e9sente les relations tr\u00e8s cordiales entre les troubadours de la r\u00e9gion du Midi et les comtes de Toulouse au XIIe si\u00e8cle.<\/li><\/ul><\/li><\/ul>\n\n\n\n<ul><li>Petrowiste J., \u00ab Le consul, le comte et le marchand : commerce et politique \u00e0 Toulouse au seuil du XIIIe si\u00e8cle \u00bb, <em>Annales du Midi : revue arch\u00e9ologique, historique et philologique de la France m\u00e9ridionale<\/em>, Tome 117, N\u00b0251, 2005, pp. 291-321.<ul><li>Cet article est tir\u00e9 des <em>Annales du Midi : revue arch\u00e9ologique, historique et philologique de la France m\u00e9ridionale<\/em> et raconte l\u2019accroissement de l\u2019influence des consuls et des marchands du comt\u00e9 de Toulouse, notamment de 1202 \u00e0 1204 avec une succession de trait\u00e9s de paix tr\u00e8s avantageux avec les rivaux voisins de la Provence, de Barcelone, de Gascogne et d\u2019Aquitaine.<\/li><\/ul><\/li><\/ul>\n\n\n\n<ul><li>Sery L., \u00ab Constance, fille de France, \u00ab reine d&rsquo;Angleterre \u00bb, comtesse de Toulouse \u00bb, <em>Annales du Midi : revue arch\u00e9ologique, historique et philologique de la France m\u00e9ridionale<\/em>, Tome 63, N\u00b015, 1951. pp. 193-209.<ul><li>Cet article est tir\u00e9 des <em>Annales du Midi : revue arch\u00e9ologique, historique et philologique de la France m\u00e9ridionale<\/em> et relate la vie de Constance, une comtesse de Toulouse du XIIe si\u00e8cle, qui deviendra un personnage important dans le Midi, jusqu\u2019\u00e0 devenir reine par mariage.<\/li><\/ul><\/li><\/ul>\n","protected":false},"excerpt":{"rendered":"<p>I) D\u2019un comte b\u00e9n\u00e9ficiaire \u00e0 un comte h\u00e9r\u00e9ditaire (778 &#8211; 1092) A &#8211; Ouvrages g\u00e9n\u00e9raux : Destemberg A., Atlas de la France m\u00e9di\u00e9vale : Hommes, pouvoirs et espaces du Ve au XVe si\u00e8cle, Paris, Autrement, 2017 (2020). Cet atlas recueille pr\u00e8s de 70 cartes et infographies tournant autour de l\u2019histoire de la France m\u00e9di\u00e9vale et &hellip; <\/p>\n<p class=\"link-more\"><a href=\"https:\/\/blogs.univ-jfc.fr\/vphn\/bibliographie-6\/\" class=\"more-link\">Continuer la lecture<span class=\"screen-reader-text\"> de &laquo;&nbsp;Bibliographie&nbsp;&raquo;<\/span><\/a><\/p>\n","protected":false},"author":736,"featured_media":0,"parent":0,"menu_order":0,"comment_status":"closed","ping_status":"closed","template":"","meta":[],"_links":{"self":[{"href":"https:\/\/blogs.univ-jfc.fr\/vphn\/wp-json\/wp\/v2\/pages\/9611"}],"collection":[{"href":"https:\/\/blogs.univ-jfc.fr\/vphn\/wp-json\/wp\/v2\/pages"}],"about":[{"href":"https:\/\/blogs.univ-jfc.fr\/vphn\/wp-json\/wp\/v2\/types\/page"}],"author":[{"embeddable":true,"href":"https:\/\/blogs.univ-jfc.fr\/vphn\/wp-json\/wp\/v2\/users\/736"}],"replies":[{"embeddable":true,"href":"https:\/\/blogs.univ-jfc.fr\/vphn\/wp-json\/wp\/v2\/comments?post=9611"}],"version-history":[{"count":1,"href":"https:\/\/blogs.univ-jfc.fr\/vphn\/wp-json\/wp\/v2\/pages\/9611\/revisions"}],"predecessor-version":[{"id":9614,"href":"https:\/\/blogs.univ-jfc.fr\/vphn\/wp-json\/wp\/v2\/pages\/9611\/revisions\/9614"}],"wp:attachment":[{"href":"https:\/\/blogs.univ-jfc.fr\/vphn\/wp-json\/wp\/v2\/media?parent=9611"}],"curies":[{"name":"wp","href":"https:\/\/api.w.org\/{rel}","templated":true}]}}